{"id":294,"date":"2017-10-13T14:18:51","date_gmt":"2017-10-13T13:18:51","guid":{"rendered":"https:\/\/loja.qualalbatroz.pt\/?page_id=294"},"modified":"2018-02-16T09:11:46","modified_gmt":"2018-02-16T09:11:46","slug":"livrarias","status":"publish","type":"page","link":"https:\/\/loja.qualalbatroz.pt\/?page_id=294","title":{"rendered":"Livrarias"},"content":{"rendered":"<h4>Se n\u00e3o gosta de fazer compras <em>online<\/em> \u2014 mas olhe que a nossa loja \u00e9 r\u00e1pida, segura e catita, e os embrulhos que o Marc faz s\u00e3o uma maravilha, sem ponta de pl\u00e1stico \u2014 pode ir a uma das seguintes livrarias e comprar ou encomendar um dos nossos livros. N\u00e3o encontra a livraria preferida da sua cidade aqui? Ent\u00e3o v\u00e1 at\u00e9 l\u00e1 e diga aos donos para nos escreverem. Com quantas mais pessoas pudermos colaborar, melhor! As nossas condi\u00e7\u00f5es s\u00e3o justas e transparentes.<\/h4>\n<hr \/>\n<p>[PORTUGAL] [<a href=\"#Arruda\">Arruda dos Vinhos<\/a>] |[<a href=\"#Alcabideche\">Alcabideche<\/a>] | [<a href=\"#Braga\">Braga<\/a>] | [<a href=\"#Leiria\">Leiria<\/a>] | [<a href=\"#Lisboa\">Lisboa<\/a>] | [<a href=\"#Oeiras\">Oeiras<\/a>] | [<a href=\"#Porto\">Porto<\/a>] | [<a href=\"#Santarem\">Santar\u00e9m<\/a>] | [<a href=\"#Setubal\">Set\u00fabal<\/a>] | [<a href=\"#VNBarquinha\">V. N. da Barquinha<\/a>]<br \/>\n[IT\u00c1LIA] [<a href=\"#Bolonha\">Bolonha<\/a>]<br \/>\n[EUA] [<a href=\"#Birmingham\">Alabama<\/a>]<\/p>\n<hr \/>\n<h1>Portugal<\/h1>\n<h2 id=\"Alcabideche\">Alcabideche<\/h2>\n<h3>ESPA\u00c7O PRODID\u00c1CTICO \/ KALANDRAKA<\/h3>\n<p>Rua dos Campos Velhos, N.\u00ba 758, Bicesse<br \/>\n2645-412 Alcabideche<br \/>\n<strong>Tel<\/strong>: 21 445 64 39 | <strong>Fax<\/strong> : 21 401 54 12 | <strong>TM<\/strong>: 96 283 06 99<br \/>\n<strong>Hor\u00e1rio<\/strong>: 2.\u00aa a 6.\u00aa \u2013 9h00-13h00<br \/>\n<a href=\"http:\/\/www.prodidactico.pt\" target=\"_blank\" rel=\"noopener\">www.prodidactico.pt<\/a><\/p>\n<h2 id=\"Arruda\">Arruda dos Vinhos<\/h2>\n<h3>PAPELARIA REL\u00cdQUIA<\/h3>\n<p>Av. Dom Afonso Henriques n\u00ba 39<br \/>\n2630-232 Arruda dos Vinhos<br \/>\n<strong>Tel<\/strong>: 263 976 196<br \/>\n<a href=\"mailto:papelariareliquia@live.com.pt\">papelariareliquia@live.com.pt<\/a><\/p>\n<h2 id=\"Braga\">Braga<\/h2>\n<h3>LIVRARIA 100.\u00aa P\u00c1GINA<\/h3>\n<p>Avenida Central, 118-120<br \/>\n4710-229 BRAGA<br \/>\n<strong>Tel<\/strong>: 253 267 647 | <strong>Fax<\/strong>: 253 267 648<br \/>\n<a href=\"http:\/\/www.centesima.com\" target=\"_blank\" rel=\"noopener\">www.centesima.com<\/a><br \/>\n<a href=\"mailto:geral@prodidactico.pt\" target=\"_blank\" rel=\"noopener\">geral@prodidactico.pt<\/a><\/p>\n<h2 id=\"Leiria\">Leiria<\/h2>\n<h3>AMERICANA S.A, LIVRARIA<\/h3>\n<p>Av. Her\u00f3is de Angola, 111<br \/>\n2400-155 Leiria<br \/>\n<strong>Tel<\/strong>: 244 240 143 | <strong>Fax<\/strong>: 244 240 144 | <strong>TM<\/strong>: 918 711 005<br \/>\n<a href=\"http:\/\/www.americana.pt\" target=\"_blank\" rel=\"noopener\">www.americana.pt<\/a><br \/>\n<a href=\"mailto:livraria@americana.pt\" target=\"_blank\" rel=\"noopener\">livraria@americana.pt<\/a><\/p>\n<h2 id=\"Lisboa\">Lisboa<\/h2>\n<h3>BDMANIA<\/h3>\n<p>Rua das Flores, 71 &#8211; loja<br \/>\n1200-194 LISBOA<br \/>\n<strong>Tel<\/strong>: +351 213461208 | <strong>Fax<\/strong>: +351 213461207<br \/>\n<a href=\"http:\/\/www.bdmania.pt\" target=\"_blank\" rel=\"noopener\">http:\/\/www.bdmania.pt<\/a><br \/>\n<a href=\"mailto:pncosta@bdmania.pt\" target=\"_blank\" rel=\"noopener\">pncosta@bdmania.pt<\/a><\/p>\n<h3>VOC \u2013 DIVULGA\u00c7\u00c3O LITER\u00c1RIA E COM\u00c9RCIO<\/h3>\n<p>Av. 5 de Outubro, 180 R\/c Dt\u00ba.<br \/>\n1050-063 Lisboa<\/p>\n<h3>LER DEVAGAR<\/h3>\n<p>Rua Rodrigues Faria, 103 (LX Factory)<br \/>\n1300-501 LISBOA<br \/>\n<strong>Tel<\/strong>: 21 325 99 92<\/p>\n<h3>LIVRARIA BAOB\u00c1<\/h3>\n<p>Rua Tom\u00e1s da Anuncia\u00e7\u00e3o 26,<br \/>\n1350-142 Lisboa, Portugal<br \/>\n<strong>Tel<\/strong>: 21 192 83 17<br \/>\n<a href=\"mailto:livraria@orfeunegro.org\">livraria@orfeunegro.org<\/a><\/p>\n<h2 id=\"Oeiras\">Oeiras<\/h2>\n<h3>OFICINA DO ERRO<\/h3>\n<p>F\u00e1brica da P\u00f3lvora em Barcarena<br \/>\nReserva na F\u00e1brica<br \/>\nF\u00e1brica da P\u00f3lvora, Edif\u00edcio 25<br \/>\nEstrada das Fontainhas<br \/>\n2730-085 Barcarena<br \/>\n<strong>Hor\u00e1rio:<\/strong> 2.\u00aa a 6.\u00aa: das 10 \u00e0s 16 horas | S\u00e1bado: das 10 \u00e0s 14 horas<\/p>\n<h2 id=\"Porto\">Porto<\/h2>\n<h3>SALTA FOLHINHAS<\/h3>\n<p>Rua Ant\u00f3nio Patr\u00edcio 50<br \/>\n4150-098 Porto<br \/>\n<strong>Tel<\/strong>: 226 092 214<br \/>\n<a href=\"mailto:info@saltafolhinhas.pt\">info@saltafolhinhas.pt<\/a><\/p>\n<h2 id=\"Santarem\">Santar\u00e9m<\/h2>\n<h3>AQUI H\u00c1 GATO<\/h3>\n<p>Rua dr mendes Pedroso, n\u00ba 21<br \/>\n2000-053 Santar\u00e9m<br \/>\n<a href=\"http:\/\/www.aquihagato.org\">www.aquihagato.org<\/a><\/p>\n<h2 id=\"S.Joao\">S. Jo\u00e3o da Madeira<\/h2>\n<h3>LIVRARIA E PAPELARIA STO. ANT\u00d3NIO<\/h3>\n<p>Rua Guerra Junqueiro, 123<br \/>\n3700-128 S. Jo\u00e3o da Madeira<\/p>\n<h2 id=\"Setubal\">Set\u00fabal<\/h2>\n<h3>CULSETE<\/h3>\n<p>Avenida 22 de Dezembro, 23 A\/B<br \/>\n2900-670 Set\u00fabal<br \/>\n<strong>Tel<\/strong>: 265 526 698<br \/>\n<a href=\"mailto:culsete@gmail.com\">culsete@gmail.com<\/a><\/p>\n<h2 id=\"VNBarquinha\">Vila Nova da Barquinha<\/h2>\n<h3>Ao P\u00e9 das Letras<\/h3>\n<p>R. Lu\u00eds Picciochi, Arm. 17-A Dto.<br \/>\nAtalaia<br \/>\n2260-036 V. N. da Barquinha<br \/>\n<strong>Tel<\/strong>: 249 715 543<br \/>\n<a href=\"http:\/\/www.aopedasletras.pt\" rel=\"noopener\" target=\"_blank\">www.aopedasletras.pt<\/a><br \/>\n<a href=\"mailto:geral@aopedasletras.pt\">geral@aopedasletras.pt<\/a><\/p>\n<h1>It\u00e1lia<\/h1>\n<h2 id=\"Bolonha\">Bolonha<\/h2>\n<h3>INUIT BOOKSHOP<\/h3>\n<p>Via Petroni 19\/c<br \/>\nBologna, It\u00e1lia<br \/>\n<a href=\"http:\/\/inuit-igloo.tumblr.com\" target=\"_blank\" rel=\"noopener\">inuit-igloo.tumblr.com<\/a><br \/>\n<a href=\"mailto:inuit.igloo@gmail.com\" target=\"_blank\" rel=\"noopener\">inuit.igloo@gmail.com<\/a><\/p>\n<h1>Estados Unidos da Am\u00e9rica<\/h1>\n<h2 id=\"Birmingham\">Birmingham, Alabama<\/h2>\n<h3>VAMP &amp; TRAMP, BOOKSELLERS<\/h3>\n<p>Vamp &amp; Tramp, Booksellers, LLC<br \/>\nSouth Hall Building<br \/>\n1951 Hoover Court, Suite 205<br \/>\nBirmingham, AL 35226-3606<br \/>\nEstados Unidos da Am\u00e9rica<br \/>\n<strong>Tel<\/strong>: (+1) 205 824 2300<br \/>\n<a href=\"http:\/\/www.vampandtramp.com\" target=\"_blank\" rel=\"noopener\">www.vampandtramp.com<\/a><br \/>\n<a href=\"mailto:mail@vampandtramp.com\" target=\"_blank\" rel=\"noopener\">mail@vampandtramp.com<\/a><\/p>\n","protected":false},"excerpt":{"rendered":"<p>Se n\u00e3o gosta de fazer compras online \u2014 mas olhe que a nossa loja \u00e9 r\u00e1pida, segura e catita, e os embrulhos que o Marc faz s\u00e3o uma maravilha, sem ponta de pl\u00e1stico \u2014 pode ir a uma das seguintes livrarias e comprar ou encomendar um dos nossos livros. N\u00e3o encontra a livraria preferida da [&hellip;]<\/p>\n","protected":false},"author":103,"featured_media":0,"parent":0,"menu_order":0,"comment_status":"closed","ping_status":"closed","template":"","meta":{"footnotes":""},"class_list":["post-294","page","type-page","status-publish","hentry"],"_links":{"self":[{"href":"https:\/\/loja.qualalbatroz.pt\/index.php?rest_route=\/wp\/v2\/pages\/294","targetHints":{"allow":["GET"]}}],"collection":[{"href":"https:\/\/loja.qualalbatroz.pt\/index.php?rest_route=\/wp\/v2\/pages"}],"about":[{"href":"https:\/\/loja.qualalbatroz.pt\/index.php?rest_route=\/wp\/v2\/types\/page"}],"author":[{"embeddable":true,"href":"https:\/\/loja.qualalbatroz.pt\/index.php?rest_route=\/wp\/v2\/users\/103"}],"replies":[{"embeddable":true,"href":"https:\/\/loja.qualalbatroz.pt\/index.php?rest_route=%2Fwp%2Fv2%2Fcomments&post=294"}],"version-history":[{"count":11,"href":"https:\/\/loja.qualalbatroz.pt\/index.php?rest_route=\/wp\/v2\/pages\/294\/revisions"}],"predecessor-version":[{"id":3566,"href":"https:\/\/loja.qualalbatroz.pt\/index.php?rest_route=\/wp\/v2\/pages\/294\/revisions\/3566"}],"wp:attachment":[{"href":"https:\/\/loja.qualalbatroz.pt\/index.php?rest_route=%2Fwp%2Fv2%2Fmedia&parent=294"}],"curies":[{"name":"wp","href":"https:\/\/api.w.org\/{rel}","templated":true}]}}