{"id":10355,"date":"2020-07-29T13:28:06","date_gmt":"2020-07-29T12:28:06","guid":{"rendered":"https:\/\/loja.qualalbatroz.pt\/?post_type=product&#038;p=10355"},"modified":"2020-12-17T22:38:23","modified_gmt":"2020-12-17T22:38:23","slug":"a-lagartixa-musical","status":"publish","type":"product","link":"https:\/\/loja.qualalbatroz.pt\/?product=a-lagartixa-musical","title":{"rendered":"A Lagartixa Musical"},"content":{"rendered":"<p>A complexa e curiosa a lagartixa musical explora silenciosamente as paredes de um mundo calmo.<\/p>\n<p>Esta serigrafia \u00e9 impressa a partir de um desenho de Marc Parchow sobre um fundo de tinta acr\u00edlica pintada \u00e0 m\u00e3o sobre papel artesanal com uma textura areada<\/p>\n<p>A \u201cLagartixa Musical\u201d \u00e9 uma serigrafia assinada e numerada com uma tiragem de apenas 8 exemplares. Por ser um produto manufacturado \u00e9 poss\u00edvel que haja pequenas diferen\u00e7as em cada uma das impress\u00f5es.<\/p>\n<p>A Serigrafia \u00e9 vendida sem moldura ou suporte e enviada para qualquer lugar no mundo num envelope refor\u00e7ado e protegido livre de pl\u00e1stico com informa\u00e7\u00e3o de \u201ctracking\u201d dos correios.<\/p>\n","protected":false},"excerpt":{"rendered":"<p>Esta lagartixa musical toda viva\u00e7a \u00e9 mais uma das cria\u00e7\u00f5es do Marc. Uma edi\u00e7\u00e3o limitada de oito exemplares, impressa em serigrafia sobre um fundo pintado \u00e0 m\u00e3o.<\/p>\n<p>PVP: 20,00 \u20ac<br \/>\nDesconto do editor: 10%<\/p>\n","protected":false},"featured_media":10360,"comment_status":"open","ping_status":"closed","template":"","meta":[],"product_brand":[],"product_cat":[41,40],"product_tag":[71,27,328,52],"class_list":{"0":"post-10355","1":"product","2":"type-product","3":"status-publish","4":"has-post-thumbnail","6":"product_cat-ilustracao","7":"product_cat-serigrafias","8":"product_tag-bichos","9":"product_tag-marc-parchow","10":"product_tag-musica","11":"product_tag-natureza","13":"first","14":"instock","15":"taxable","16":"shipping-taxable","17":"purchasable","18":"product-type-simple"},"_links":{"self":[{"href":"https:\/\/loja.qualalbatroz.pt\/index.php?rest_route=\/wp\/v2\/product\/10355","targetHints":{"allow":["GET"]}}],"collection":[{"href":"https:\/\/loja.qualalbatroz.pt\/index.php?rest_route=\/wp\/v2\/product"}],"about":[{"href":"https:\/\/loja.qualalbatroz.pt\/index.php?rest_route=\/wp\/v2\/types\/product"}],"replies":[{"embeddable":true,"href":"https:\/\/loja.qualalbatroz.pt\/index.php?rest_route=%2Fwp%2Fv2%2Fcomments&post=10355"}],"wp:featuredmedia":[{"embeddable":true,"href":"https:\/\/loja.qualalbatroz.pt\/index.php?rest_route=\/wp\/v2\/media\/10360"}],"wp:attachment":[{"href":"https:\/\/loja.qualalbatroz.pt\/index.php?rest_route=%2Fwp%2Fv2%2Fmedia&parent=10355"}],"wp:term":[{"taxonomy":"product_brand","embeddable":true,"href":"https:\/\/loja.qualalbatroz.pt\/index.php?rest_route=%2Fwp%2Fv2%2Fproduct_brand&post=10355"},{"taxonomy":"product_cat","embeddable":true,"href":"https:\/\/loja.qualalbatroz.pt\/index.php?rest_route=%2Fwp%2Fv2%2Fproduct_cat&post=10355"},{"taxonomy":"product_tag","embeddable":true,"href":"https:\/\/loja.qualalbatroz.pt\/index.php?rest_route=%2Fwp%2Fv2%2Fproduct_tag&post=10355"}],"curies":[{"name":"wp","href":"https:\/\/api.w.org\/{rel}","templated":true}]}}