{"id":10397,"date":"2020-09-23T11:35:48","date_gmt":"2020-09-23T10:35:48","guid":{"rendered":"https:\/\/loja.qualalbatroz.pt\/?post_type=product&#038;p=10397"},"modified":"2021-01-06T22:32:45","modified_gmt":"2021-01-06T22:32:45","slug":"o-ornitorrinco","status":"publish","type":"product","link":"https:\/\/loja.qualalbatroz.pt\/?product=o-ornitorrinco","title":{"rendered":"O Ornitorrinco"},"content":{"rendered":"<p><i><span style=\"font-weight: 400;\">O Ornitorrinco<\/span><\/i><span style=\"font-weight: 400;\"> \u00e9 uma serigrafia divertida e colorida baseada numa ilustra\u00e7\u00e3o feita para um livro de crian\u00e7as com adivinhas sobre animais. Trata-se de uma edi\u00e7\u00e3o limitada, impressa a 3 cores quentes e vivas sobre um suporte de papel artesanal de algod\u00e3o, feito a partir de restos de tecido vindo de f\u00e1bricas de roupa.<\/span><\/p>\n<p><span style=\"font-weight: 400;\">A edi\u00e7\u00e3o \u00e9 de 5 exemplares e todas as serigrafias est\u00e3o assinada e numeradas.<\/span><\/p>\n<p>A Serigrafia \u00e9 vendida sem moldura ou suporte e enviada para qualquer lugar no mundo num envelope refor\u00e7ado e protegido livre de pl\u00e1stico com informa\u00e7\u00e3o de \u201ctracking\u201d dos correios.<\/p>\n","protected":false},"excerpt":{"rendered":"<p><span style=\"font-weight: 400;\">Uma serigrafia divertida e colorida baseada numa ilustra\u00e7\u00e3o feita para um livros de crian\u00e7as. Uma edi\u00e7\u00e3o limitada de 5 exemplares, impressa \u00e0 m\u00e3o, da autoria de Marc Parchow.<\/span><\/p>\n<p>PVP: 20,00 \u20ac<br \/>\nDesconto do editor: 10%<\/p>\n","protected":false},"featured_media":10398,"comment_status":"open","ping_status":"closed","template":"","meta":[],"product_brand":[],"product_cat":[41,40],"product_tag":[71,27,52],"class_list":{"0":"post-10397","1":"product","2":"type-product","3":"status-publish","4":"has-post-thumbnail","6":"product_cat-ilustracao","7":"product_cat-serigrafias","8":"product_tag-bichos","9":"product_tag-marc-parchow","10":"product_tag-natureza","12":"first","13":"instock","14":"taxable","15":"shipping-taxable","16":"purchasable","17":"product-type-simple"},"_links":{"self":[{"href":"https:\/\/loja.qualalbatroz.pt\/index.php?rest_route=\/wp\/v2\/product\/10397","targetHints":{"allow":["GET"]}}],"collection":[{"href":"https:\/\/loja.qualalbatroz.pt\/index.php?rest_route=\/wp\/v2\/product"}],"about":[{"href":"https:\/\/loja.qualalbatroz.pt\/index.php?rest_route=\/wp\/v2\/types\/product"}],"replies":[{"embeddable":true,"href":"https:\/\/loja.qualalbatroz.pt\/index.php?rest_route=%2Fwp%2Fv2%2Fcomments&post=10397"}],"wp:featuredmedia":[{"embeddable":true,"href":"https:\/\/loja.qualalbatroz.pt\/index.php?rest_route=\/wp\/v2\/media\/10398"}],"wp:attachment":[{"href":"https:\/\/loja.qualalbatroz.pt\/index.php?rest_route=%2Fwp%2Fv2%2Fmedia&parent=10397"}],"wp:term":[{"taxonomy":"product_brand","embeddable":true,"href":"https:\/\/loja.qualalbatroz.pt\/index.php?rest_route=%2Fwp%2Fv2%2Fproduct_brand&post=10397"},{"taxonomy":"product_cat","embeddable":true,"href":"https:\/\/loja.qualalbatroz.pt\/index.php?rest_route=%2Fwp%2Fv2%2Fproduct_cat&post=10397"},{"taxonomy":"product_tag","embeddable":true,"href":"https:\/\/loja.qualalbatroz.pt\/index.php?rest_route=%2Fwp%2Fv2%2Fproduct_tag&post=10397"}],"curies":[{"name":"wp","href":"https:\/\/api.w.org\/{rel}","templated":true}]}}