{"id":10617,"date":"2020-12-08T22:59:27","date_gmt":"2020-12-08T22:59:27","guid":{"rendered":"https:\/\/loja.qualalbatroz.pt\/?post_type=product&#038;p=10617"},"modified":"2025-03-24T22:00:07","modified_gmt":"2025-03-24T22:00:07","slug":"postais-artesanais-o-ar","status":"publish","type":"product","link":"https:\/\/loja.qualalbatroz.pt\/?product=postais-artesanais-o-ar","title":{"rendered":"Postais Artesanais: \u00abO Ar\u00bb"},"content":{"rendered":"<p>Para criar este conjunto de desenhos, o Marc deu um passeio pela F\u00e1brica da P\u00f3lvora e, com a ajuda dos seguidores da Qual Albatroz nas redes sociais, escolheu os quatro amigos alados que agora habitam estes postais. Depois de os desenhar, ele pr\u00f3prio os imprimiu cuidadosamente \u00e0 m\u00e3o, por meio da t\u00e9cnica serigr\u00e1fica, na nossa Oficina do Erro.<\/p>\n<p>As quatro aves s\u00e3o retratadas com realismo estilizado, num ambiente alegre e vibrante. O desenho minimalista usa manchas de luz e sombra, despertando em n\u00f3s o desejo de irmos passear para o campo e saber mais acerca das esp\u00e9cies representadas: alv\u00e9ola-branca, chapim-rabilongo, gar\u00e7a-nocturna e pisco-de-peito-ruivo.<\/p>\n","protected":false},"excerpt":{"rendered":"<p>Conjunto de quatro postais inspirados na avifauna da F\u00e1brica da P\u00f3lvora. Desenhados por Marc Parchow e impressos em serigrafia, pela m\u00e3o do pr\u00f3prio autor na oficina da Qual Albatroz.<\/p>\n<p><strong>1.\u00aa edi\u00e7\u00e3o<\/strong><\/p>\n<p>PVP: 16,00 \u20ac<br \/>\nDesconto do editor: 10%<\/p>\n","protected":false},"featured_media":10615,"comment_status":"open","ping_status":"closed","template":"","meta":[],"product_brand":[],"product_cat":[70,40],"product_tag":[388,71,26,27,52],"class_list":{"0":"post-10617","1":"product","2":"type-product","3":"status-publish","4":"has-post-thumbnail","6":"product_cat-postais","7":"product_cat-serigrafias","8":"product_tag-aves","9":"product_tag-bichos","10":"product_tag-maravilhoso","11":"product_tag-marc-parchow","12":"product_tag-natureza","14":"first","15":"instock","16":"featured","17":"taxable","18":"shipping-taxable","19":"purchasable","20":"product-type-simple"},"_links":{"self":[{"href":"https:\/\/loja.qualalbatroz.pt\/index.php?rest_route=\/wp\/v2\/product\/10617","targetHints":{"allow":["GET"]}}],"collection":[{"href":"https:\/\/loja.qualalbatroz.pt\/index.php?rest_route=\/wp\/v2\/product"}],"about":[{"href":"https:\/\/loja.qualalbatroz.pt\/index.php?rest_route=\/wp\/v2\/types\/product"}],"replies":[{"embeddable":true,"href":"https:\/\/loja.qualalbatroz.pt\/index.php?rest_route=%2Fwp%2Fv2%2Fcomments&post=10617"}],"wp:featuredmedia":[{"embeddable":true,"href":"https:\/\/loja.qualalbatroz.pt\/index.php?rest_route=\/wp\/v2\/media\/10615"}],"wp:attachment":[{"href":"https:\/\/loja.qualalbatroz.pt\/index.php?rest_route=%2Fwp%2Fv2%2Fmedia&parent=10617"}],"wp:term":[{"taxonomy":"product_brand","embeddable":true,"href":"https:\/\/loja.qualalbatroz.pt\/index.php?rest_route=%2Fwp%2Fv2%2Fproduct_brand&post=10617"},{"taxonomy":"product_cat","embeddable":true,"href":"https:\/\/loja.qualalbatroz.pt\/index.php?rest_route=%2Fwp%2Fv2%2Fproduct_cat&post=10617"},{"taxonomy":"product_tag","embeddable":true,"href":"https:\/\/loja.qualalbatroz.pt\/index.php?rest_route=%2Fwp%2Fv2%2Fproduct_tag&post=10617"}],"curies":[{"name":"wp","href":"https:\/\/api.w.org\/{rel}","templated":true}]}}