{"id":10690,"date":"2021-01-25T14:34:28","date_gmt":"2021-01-25T14:34:28","guid":{"rendered":"https:\/\/loja.qualalbatroz.pt\/?post_type=product&#038;p=10690"},"modified":"2021-01-25T16:48:45","modified_gmt":"2021-01-25T16:48:45","slug":"serigrafia-a-maca-homenagem-a-andy-warhol","status":"publish","type":"product","link":"https:\/\/loja.qualalbatroz.pt\/?product=serigrafia-a-maca-homenagem-a-andy-warhol","title":{"rendered":"Serigrafia \u00abA Ma\u00e7\u00e3\u00bb (homenagem \u00e0 Andy Warhol)"},"content":{"rendered":"<p>Andy Warhol foi um dos grandes divulgadores da t\u00e9cnica serigr\u00e1fica na arte. Por isso resolvemos homnage\u00e1-lo com esta singela serigrafia que brinca com a famosa banana da capa do disco dos <em>Velvet Underground<\/em>.<\/p>\n<p>Esta serigrafia \u00e9 impressa a partir de um desenho de Marc Parchow <\/p>\n<p>\u00abA Ma\u00e7\u00e3\u00bb \u00e9 uma serigrafia assinada e numerada com uma tiragem de apenas 8 exemplares. Por ser um produto manufacturado \u00e9 poss\u00edvel que haja pequenas diferen\u00e7as em cada uma das impress\u00f5es.<\/p>\n<p>A serigrafia \u00e9 vendida sem moldura ou suporte e enviada para qualquer lugar no mundo num envelope refor\u00e7ado e protegido livre de pl\u00e1stico com informa\u00e7\u00e3o de \u201ctracking\u201d dos correios.<\/p>\n","protected":false},"excerpt":{"rendered":"<p>Trata-se de uma pequena homenagem \u00e0 famosa serigrafia da banana <em>Velvet Underground<\/em> de Andy Warhol. Mas em forma de ma\u00e7\u00e3. Uma edi\u00e7\u00e3o limitada de oito exemplares, impressa em serigrafia e assinada pelo Marc.<br \/>\nPVP: 20,00 \u20ac<br \/>\nDesconto do editor: 10%<\/p>\n","protected":false},"featured_media":10691,"comment_status":"open","ping_status":"closed","template":"","meta":[],"product_brand":[],"product_cat":[41,40],"product_tag":[71,27,328,52],"class_list":{"0":"post-10690","1":"product","2":"type-product","3":"status-publish","4":"has-post-thumbnail","6":"product_cat-ilustracao","7":"product_cat-serigrafias","8":"product_tag-bichos","9":"product_tag-marc-parchow","10":"product_tag-musica","11":"product_tag-natureza","13":"first","14":"instock","15":"taxable","16":"shipping-taxable","17":"purchasable","18":"product-type-simple"},"_links":{"self":[{"href":"https:\/\/loja.qualalbatroz.pt\/index.php?rest_route=\/wp\/v2\/product\/10690","targetHints":{"allow":["GET"]}}],"collection":[{"href":"https:\/\/loja.qualalbatroz.pt\/index.php?rest_route=\/wp\/v2\/product"}],"about":[{"href":"https:\/\/loja.qualalbatroz.pt\/index.php?rest_route=\/wp\/v2\/types\/product"}],"replies":[{"embeddable":true,"href":"https:\/\/loja.qualalbatroz.pt\/index.php?rest_route=%2Fwp%2Fv2%2Fcomments&post=10690"}],"wp:featuredmedia":[{"embeddable":true,"href":"https:\/\/loja.qualalbatroz.pt\/index.php?rest_route=\/wp\/v2\/media\/10691"}],"wp:attachment":[{"href":"https:\/\/loja.qualalbatroz.pt\/index.php?rest_route=%2Fwp%2Fv2%2Fmedia&parent=10690"}],"wp:term":[{"taxonomy":"product_brand","embeddable":true,"href":"https:\/\/loja.qualalbatroz.pt\/index.php?rest_route=%2Fwp%2Fv2%2Fproduct_brand&post=10690"},{"taxonomy":"product_cat","embeddable":true,"href":"https:\/\/loja.qualalbatroz.pt\/index.php?rest_route=%2Fwp%2Fv2%2Fproduct_cat&post=10690"},{"taxonomy":"product_tag","embeddable":true,"href":"https:\/\/loja.qualalbatroz.pt\/index.php?rest_route=%2Fwp%2Fv2%2Fproduct_tag&post=10690"}],"curies":[{"name":"wp","href":"https:\/\/api.w.org\/{rel}","templated":true}]}}