{"id":108,"date":"2017-02-19T15:08:22","date_gmt":"2017-02-19T15:08:22","guid":{"rendered":"http:\/\/loja.qualalbatroz.pt\/?product=import-placeholder-for-176"},"modified":"2025-11-16T22:54:57","modified_gmt":"2025-11-16T22:54:57","slug":"waterlife","status":"publish","type":"product","link":"https:\/\/loja.qualalbatroz.pt\/?product=waterlife","title":{"rendered":"Waterlife"},"content":{"rendered":"<p><iframe loading=\"lazy\" src=\"https:\/\/www.youtube.com\/embed\/9i5LRqPVFdI\" width=\"1192\" height=\"671\" frameborder=\"0\" allowfullscreen=\"allowfullscreen\"><\/iframe><\/p>\n<p><i>Waterlife<\/i> inicia-nos na arte Mithila, uma forma intensa e delicada de pintura tradicional origin\u00e1ria de Bihar, localidade na regi\u00e3o este da \u00cdndia. Com este livro, o artista indiano Rambharos Jha cria um invulgar di\u00e1rio art\u00edstico, recreando e adaptando os motivos do estilo Mithila para falar sobre esta sua rela\u00e7\u00e3o t\u00e3o \u00edntima com a \u00e1gua e com toda a vida que ela sustenta. As suas pinturas s\u00e3o acompanhadas por graciosos textos que ecoam levemente a mem\u00f3ria da sua inf\u00e2ncia e das lendas folque.<\/p>\n<p>Cada livro foi impresso em t\u00e9cnica serigr\u00e1fica em papel feito \u00e0 m\u00e3o. <i>Waterlife<\/i> \u00e9 uma pe\u00e7a \u00fanica e numerada.<\/p>\n<h5>SOBRE O AUTOR<\/h5>\n<p><strong>Rambharos Jha<\/strong> cresceu perto das margens do m\u00edtico rio Ganges e foi a\u00ed que viu nascer e crescer o seu fasc\u00ednio pela \u00e1gua e pela vida aqu\u00e1tica. Ainda em crian\u00e7a, mudou-se para Madhubani, acompanhando o seu pai que come\u00e7ou a trabalhar em projetos culturais apoiados pelo governo. Desde ent\u00e3o, tem-se dedicado a seguir os seus impulsos criativos e a desenvolver uma linguagem tradicional pl\u00e1stica individual. <i>Waterlife<\/i> foi o seu primeiro livro.<\/p>\n<div class=\"block\">\n<p style=\"background-color: #eee; padding: 10px; margin-bottom: 10px; margin-top: 10px;\">A Tara Books \u00e9 uma editora independente de livros ilustrados para crian\u00e7as e adultos, da regi\u00e3o Chennai, no sul da \u00cdndia. Foi fundada em 1994 e congrega um conjunto empenhado de escritores, ilustradores e &#8220;designers&#8221; que acreditam na uni\u00e3o entre a subtileza da forma e a riqueza do conte\u00fado. Cada livro da Tara Books \u00e9 cuidadosamente criado, recorrendo a t\u00e9cnicas artesanais e a trabalho manual para que cada livro seja uma pe\u00e7a pessoal e \u00fanica, um livro que consegue ser uma experi\u00eancia intelectual, sens\u00f3ria e at\u00e9 sensual. Para mais informa\u00e7\u00f5es, visite a p\u00e1gina da editora em <a href=\"http:\/\/www.tarabooks.com\" target=\"_blank\" rel=\"noopener noreferrer\">www.tarabooks.com<\/a><\/p>\n<\/div>\n","protected":false},"excerpt":{"rendered":"<p><i>Waterlife<\/i> \u00e9 um livro de cores vivas que nos abre \u00e0 ancestral arte Mithila. Foi impresso manualmente em t\u00e9cnica serigr\u00e1fica em papel feito \u00e0 m\u00e3o. Esta \u00e9 uma obra publicada pela Tara Books e vendida em Portugal pela Qual Albatroz.<\/p>\n","protected":false},"featured_media":113,"comment_status":"open","ping_status":"closed","template":"","meta":[],"product_brand":[],"product_cat":[96,97],"product_tag":[71,43,26,52,98,99],"class_list":{"0":"post-108","1":"product","2":"type-product","3":"status-publish","4":"has-post-thumbnail","6":"product_cat-livros-da-tara-books","7":"product_cat-livros-feitos-a-mao-livros-da-tara-books","8":"product_tag-bichos","9":"product_tag-mar","10":"product_tag-maravilhoso","11":"product_tag-natureza","12":"product_tag-rambharos-jha","13":"product_tag-tara-books","15":"first","16":"instock","17":"taxable","18":"shipping-taxable","19":"purchasable","20":"product-type-simple"},"_links":{"self":[{"href":"https:\/\/loja.qualalbatroz.pt\/index.php?rest_route=\/wp\/v2\/product\/108","targetHints":{"allow":["GET"]}}],"collection":[{"href":"https:\/\/loja.qualalbatroz.pt\/index.php?rest_route=\/wp\/v2\/product"}],"about":[{"href":"https:\/\/loja.qualalbatroz.pt\/index.php?rest_route=\/wp\/v2\/types\/product"}],"replies":[{"embeddable":true,"href":"https:\/\/loja.qualalbatroz.pt\/index.php?rest_route=%2Fwp%2Fv2%2Fcomments&post=108"}],"wp:featuredmedia":[{"embeddable":true,"href":"https:\/\/loja.qualalbatroz.pt\/index.php?rest_route=\/wp\/v2\/media\/113"}],"wp:attachment":[{"href":"https:\/\/loja.qualalbatroz.pt\/index.php?rest_route=%2Fwp%2Fv2%2Fmedia&parent=108"}],"wp:term":[{"taxonomy":"product_brand","embeddable":true,"href":"https:\/\/loja.qualalbatroz.pt\/index.php?rest_route=%2Fwp%2Fv2%2Fproduct_brand&post=108"},{"taxonomy":"product_cat","embeddable":true,"href":"https:\/\/loja.qualalbatroz.pt\/index.php?rest_route=%2Fwp%2Fv2%2Fproduct_cat&post=108"},{"taxonomy":"product_tag","embeddable":true,"href":"https:\/\/loja.qualalbatroz.pt\/index.php?rest_route=%2Fwp%2Fv2%2Fproduct_tag&post=108"}],"curies":[{"name":"wp","href":"https:\/\/api.w.org\/{rel}","templated":true}]}}