{"id":11256,"date":"2025-01-01T10:00:46","date_gmt":"2025-01-01T10:00:46","guid":{"rendered":"https:\/\/loja.qualalbatroz.pt\/?post_type=product&#038;p=11256"},"modified":"2026-04-29T16:19:33","modified_gmt":"2026-04-29T15:19:33","slug":"a-pratica-do-risco-aulas-de-desenho-a-distancia-pacote-mensal","status":"publish","type":"product","link":"https:\/\/loja.qualalbatroz.pt\/?product=a-pratica-do-risco-aulas-de-desenho-a-distancia-pacote-mensal","title":{"rendered":"A Pr\u00e1tica do Risco \u2013 Aulas de desenho (pacote mensal)"},"content":{"rendered":"<div>\n<p>Em cada unidade prop\u00f5e-se uma t\u00e9cnica art\u00edstica diferente, com um grau de dificuldade que pode ser mais ou menos desafiante de acordo com a idade e a mestria do participante. As unidades s\u00e3o lan\u00e7adas com uma ficha descritiva da sess\u00e3o, em que se incluiu uma escala de dificuldade e uma lista de material. As sess\u00f5es s\u00e3o avulsas e decorrem com uma regularidade semanal (<a href=\"https:\/\/qualalbatroz.pt\/pratica-do-risco\/\">ver informa\u00e7\u00e3o de calend\u00e1rio<\/a>), prevendo duas modalidades de participa\u00e7\u00e3o \u2013 presencial e por Zoom \u2013, podendo a aquisi\u00e7\u00e3o das unidades ser feita individualmente ou em pacotes mensais. Todas as sess\u00f5es s\u00e3o gravadas, pelo que tamb\u00e9m podem ser acompanhadas de modo diferido (caso o participante n\u00e3o possa assistir no hor\u00e1rio em que decorrem).<\/p>\n<p>As sess\u00f5es s\u00e3o leccionadas pelo\u00a0<a href=\"https:\/\/qualalbatroz.pt\/marcparchow\/\">Marc<\/a> na Oficina do Erro (situada na F\u00e1brica da P\u00f3lvora de Barcarena). Para os participantes que pretendam acompanh\u00e1-las presencialmente, ser\u00e3o disponibilizados os materiais necess\u00e1rios, raz\u00e3o pela qual a estas sess\u00f5es acrescer\u00e1 um pequeno valor relativo ao custo do material.<\/p>\n<p>Mais informa\u00e7\u00f5es aqui: <a href=\"https:\/\/qualalbatroz.pt\/pratica-do-risco\/\">https:\/\/qualalbatroz.pt\/pratica-do-risco\/<\/a><\/p>\n<\/div>\n","protected":false},"excerpt":{"rendered":"<div class=\"e5890-5 x-text\">As sess\u00f5es da\u00a0<strong>Pr\u00e1tica do Risco<\/strong>\u00a0s\u00e3o pensadas para todos os que desejem praticar as artes visuais de modo livre e descontra\u00eddo, por isso \u00e9 poss\u00edvel acompanh\u00e1-las em regime regular ou espor\u00e1dico, individualmente ou em fam\u00edlia. Estas sess\u00f5es exploram um leque variado de metodologias, t\u00e9cnicas e materiais, decorrendo num ambiente informal e em que se incentiva olhar para o erro como parte do processo criativo. S\u00e3o estruturadas como unidades avulsas, para permitirem uma maior liberdade aos participantes. As sess\u00f5es s\u00e3o ministradas por Zoom, mas cada uma compreende um n\u00famero limitado de vagas presenciais.<\/div>\n<div><\/div>\n<div>em Abril h\u00e1 5 sess\u00f5es<\/div>\n<div><\/div>\n<div><\/div>\n","protected":false},"featured_media":11484,"comment_status":"open","ping_status":"closed","template":"","meta":[],"product_brand":[],"product_cat":[263,428],"product_tag":[271,27],"class_list":{"0":"post-11256","1":"product","2":"type-product","3":"status-publish","4":"has-post-thumbnail","6":"product_cat-aulas","7":"product_cat-actividades","8":"product_tag-aulas-de-desenho","9":"product_tag-marc-parchow","11":"first","12":"instock","13":"taxable","14":"shipping-taxable","15":"purchasable","16":"product-type-variable"},"_links":{"self":[{"href":"https:\/\/loja.qualalbatroz.pt\/index.php?rest_route=\/wp\/v2\/product\/11256","targetHints":{"allow":["GET"]}}],"collection":[{"href":"https:\/\/loja.qualalbatroz.pt\/index.php?rest_route=\/wp\/v2\/product"}],"about":[{"href":"https:\/\/loja.qualalbatroz.pt\/index.php?rest_route=\/wp\/v2\/types\/product"}],"replies":[{"embeddable":true,"href":"https:\/\/loja.qualalbatroz.pt\/index.php?rest_route=%2Fwp%2Fv2%2Fcomments&post=11256"}],"wp:featuredmedia":[{"embeddable":true,"href":"https:\/\/loja.qualalbatroz.pt\/index.php?rest_route=\/wp\/v2\/media\/11484"}],"wp:attachment":[{"href":"https:\/\/loja.qualalbatroz.pt\/index.php?rest_route=%2Fwp%2Fv2%2Fmedia&parent=11256"}],"wp:term":[{"taxonomy":"product_brand","embeddable":true,"href":"https:\/\/loja.qualalbatroz.pt\/index.php?rest_route=%2Fwp%2Fv2%2Fproduct_brand&post=11256"},{"taxonomy":"product_cat","embeddable":true,"href":"https:\/\/loja.qualalbatroz.pt\/index.php?rest_route=%2Fwp%2Fv2%2Fproduct_cat&post=11256"},{"taxonomy":"product_tag","embeddable":true,"href":"https:\/\/loja.qualalbatroz.pt\/index.php?rest_route=%2Fwp%2Fv2%2Fproduct_tag&post=11256"}],"curies":[{"name":"wp","href":"https:\/\/api.w.org\/{rel}","templated":true}]}}