{"id":118,"date":"2018-02-20T15:09:06","date_gmt":"2018-02-20T15:09:06","guid":{"rendered":"http:\/\/loja.qualalbatroz.pt\/?product=import-placeholder-for-196"},"modified":"2025-11-17T13:08:23","modified_gmt":"2025-11-17T13:08:23","slug":"the-night-life-of-trees","status":"publish","type":"product","link":"https:\/\/loja.qualalbatroz.pt\/?product=the-night-life-of-trees","title":{"rendered":"The Night Life of Trees"},"content":{"rendered":"<p><em>Night Life of Trees<\/em> traz-nos vis\u00f5es de \u00e1rvores prodigiosas inspiradas na arte e no folclore da tribo Gond da \u00cdndia Central. A tribo Gond \u00e9 origin\u00e1ria da regi\u00e3o de Madhya Pradesh na \u00cdndia central e o seu nome significa \u201chomens das colinas\/montanhas\u201d. \u00c9 uma comunidade altamente visual que se rodeia da sua pr\u00f3pria arte, tradicionalmente pintada nos ch\u00e3os de lama e nas paredes das suas casas. Para eles, a arte \u00e9 uma forma de ora\u00e7\u00e3o, e eles acreditam que a sorte bafeja aqueles cujos olhos sabem descobrir uma boa imagem.<\/p>\n<p>Para os Gond, antigos habitantes das florestas, as \u00e1rvores s\u00e3o fulcrais para a vida e intrela\u00e7am-se no seu imagin\u00e1rio. Estas almas resplandecentes s\u00e3o captadas com assombro neste <em>Night Life of Trees<\/em>. Durante o dia, as \u00e1rvores d\u00e3o sombra, abrigo e comida a todos os que as procuram, mas \u00e0 noite, quando se encontram finalmente sozinhas, os seus esp\u00edritos revelam-se.<\/p>\n<p>A recria\u00e7\u00e3o da arte original ficou a cargo de tr\u00eas dos melhores artistas vivos desta tradi\u00e7\u00e3o, Ram Syngh Urveti, Bhajju Shyam e Durga Bai. Cada p\u00e1gina \u00e9 impressa \u00e0 m\u00e3o em serigrafia e em papel negro, o que torna cada livro uma pe\u00e7a \u00fanica e numerada.<\/p>\n<h5>SOBRE OS CRIADORES<\/h5>\n<p><strong>Durga Bai<\/strong> \u00e9 uma jovem artista da tradi\u00e7\u00e3o Gond da \u00cdndia Central e ilustrou t\u00edtulos como <em>Sultana\u2019s Dream<\/em> e <em>One, Two, Tree!<\/em>, que foram recentemente traduzidos para alem\u00e3o e est\u00e3o a ganhar reconhecimento um pouco por toda a Europa.<\/p>\n<p><strong>Bhajju Shyam<\/strong> granjeou um grande reconhecimento internacional desde que, em 2003, publicou o livro <em>The London Jungle Book<\/em>. A inventividade do seu estilo gr\u00e1fico aliado \u00e0 fluidez da narrativa mostram-nos a sua percep\u00e7\u00e3o do mundo moderno atrav\u00e9s da singular linguagem visual da sua tribo. Ele \u00e9 tamb\u00e9m o ilustrador da rec\u00e9m-publicado obra <em>The Flight of the Mermaid<\/em>.<\/p>\n<p><strong>Bhajju Shyam <\/strong>tem vindo a difundir os mitos e as hist\u00f3rias da comunidade Gond por toda a \u00c1sia, Europa, Austr\u00e1lia e Am\u00e9rica do Sul, e a sua obra valeu-lhe j\u00e1 in\u00fameros pr\u00e9mios nacionais e internacionais. O seu trabalho cria um mundo de fantasia e de metamorfose, pleno de vida e de formas org\u00e2nicas talhadas com pormenor e fineza.<\/p>\n<div style=\"padding: 56.25% 0 0 0; position: relative;\"><iframe style=\"position: absolute; top: 0; left: 0; width: 100%; height: 100%;\" src=\"https:\/\/player.vimeo.com\/video\/148873691\" frameborder=\"0\" allowfullscreen=\"allowfullscreen\"><\/iframe><\/div>\n<p><script src=\"https:\/\/player.vimeo.com\/api\/player.js\"><\/script><\/p>\n<p><a href=\"https:\/\/vimeo.com\/148873691\">&#8220;The Night Life Of Trees&#8221; da Tara Books<\/a> from <a href=\"https:\/\/vimeo.com\/qualalbatroz\">Qual Albatroz<\/a> on <a href=\"https:\/\/vimeo.com\">Vimeo<\/a>.<\/p>\n<div class=\"block\">\n<p style=\"background-color: #eee; padding: 10px; margin-bottom: 10px; margin-top: 10px;\">A Tara Books \u00e9 uma editora independente de livros ilustrados para crian\u00e7as e adultos, da regi\u00e3o Chennai, no sul da \u00cdndia. Foi fundada em 1994 e congrega um conjunto empenhado de escritores, ilustradores e \u201cdesigners\u201d que acreditam na uni\u00e3o entre a subtileza da forma e a riqueza do conte\u00fado. Cada livro da Tara Books \u00e9 cuidadosamente criado, recorrendo a t\u00e9cnicas artesanais e a trabalho manual para que cada livro seja uma pe\u00e7a pessoal e \u00fanica, um livro que consegue ser uma experi\u00eancia intelectual, sens\u00f3ria e at\u00e9 sensual. Para mais informa\u00e7\u00f5es, visite a p\u00e1gina da editora em <a href=\"http:\/\/www.tarabooks.com\" target=\"_blank\" rel=\"noopener noreferrer\">www.tarabooks.com<\/a><\/p>\n<\/div>\n","protected":false},"excerpt":{"rendered":"<p><em>The Night Life of Trees<\/em> \u00e9 uma obra primorosa inspirada na arte e no folclore da tribo Gond da \u00cdndia Central. \u00c9 um livro encadernado \u00e0 m\u00e3o e impresso em t\u00e9cnica serigr\u00e1fica, publicado pela Tara Books e vendida em Portugal pela Qual Albatroz.<\/p>\n<p><b>Vencedor do Pr\u00e9mio Bologna Ragazzi Novos Horizontes em 2008<\/b><\/p>\n","protected":false},"featured_media":120,"comment_status":"open","ping_status":"closed","template":"","meta":[],"product_brand":[],"product_cat":[96,97],"product_tag":[107,108,109,26,52,110,99],"class_list":{"0":"post-118","1":"product","2":"type-product","3":"status-publish","4":"has-post-thumbnail","6":"product_cat-livros-da-tara-books","7":"product_cat-livros-feitos-a-mao-livros-da-tara-books","8":"product_tag-arvores","9":"product_tag-bhajju-shyam","10":"product_tag-durga-bai","11":"product_tag-maravilhoso","12":"product_tag-natureza","13":"product_tag-ram-singh-urveti","14":"product_tag-tara-books","16":"first","17":"outofstock","18":"taxable","19":"shipping-taxable","20":"purchasable","21":"product-type-simple"},"_links":{"self":[{"href":"https:\/\/loja.qualalbatroz.pt\/index.php?rest_route=\/wp\/v2\/product\/118","targetHints":{"allow":["GET"]}}],"collection":[{"href":"https:\/\/loja.qualalbatroz.pt\/index.php?rest_route=\/wp\/v2\/product"}],"about":[{"href":"https:\/\/loja.qualalbatroz.pt\/index.php?rest_route=\/wp\/v2\/types\/product"}],"replies":[{"embeddable":true,"href":"https:\/\/loja.qualalbatroz.pt\/index.php?rest_route=%2Fwp%2Fv2%2Fcomments&post=118"}],"wp:featuredmedia":[{"embeddable":true,"href":"https:\/\/loja.qualalbatroz.pt\/index.php?rest_route=\/wp\/v2\/media\/120"}],"wp:attachment":[{"href":"https:\/\/loja.qualalbatroz.pt\/index.php?rest_route=%2Fwp%2Fv2%2Fmedia&parent=118"}],"wp:term":[{"taxonomy":"product_brand","embeddable":true,"href":"https:\/\/loja.qualalbatroz.pt\/index.php?rest_route=%2Fwp%2Fv2%2Fproduct_brand&post=118"},{"taxonomy":"product_cat","embeddable":true,"href":"https:\/\/loja.qualalbatroz.pt\/index.php?rest_route=%2Fwp%2Fv2%2Fproduct_cat&post=118"},{"taxonomy":"product_tag","embeddable":true,"href":"https:\/\/loja.qualalbatroz.pt\/index.php?rest_route=%2Fwp%2Fv2%2Fproduct_tag&post=118"}],"curies":[{"name":"wp","href":"https:\/\/api.w.org\/{rel}","templated":true}]}}