{"id":174,"date":"2016-02-21T15:15:34","date_gmt":"2016-02-21T15:15:34","guid":{"rendered":"http:\/\/loja.qualalbatroz.pt\/?product=import-placeholder-for-289"},"modified":"2020-12-14T23:05:29","modified_gmt":"2020-12-14T23:05:29","slug":"o-gato","status":"publish","type":"product","link":"https:\/\/loja.qualalbatroz.pt\/?product=o-gato","title":{"rendered":"O Gato"},"content":{"rendered":"<p>A serigrafia d&#8217; &#8220;O Gato&#8221; \u00e9 uma das serigrafias da s\u00e9rie <i>O Cavaleiro, o Gato e o Drag\u00e3o<\/i>, os tr\u00eas amigos do n\u00e3o distante reino de Sela-a-Bem. S\u00e3o danados para a brincadeira e traquinice e do que gostam \u00e9 de p\u00f4r as crian\u00e7as a sorrir e de as levar nas suas aventuras. Este tr\u00edpitco medieval faz as alegrias de qualquer parede de quarto de crian\u00e7a e foi composto como homenagem ao seu filhote Ricardo, futuro cavaleiro de Saca-a-Vem, depois de o autor ter conclu\u00eddo o jogo Dark Souls pela oitava vez consecutiva.<\/p>\n<p>&#8220;O Gato&#8221; \u00e9 uma serigrafia alegre sa\u00eddinha do imagin\u00e1rio de Pedro Serpa. Trata-se de uma edi\u00e7\u00e3o limitada, impressa a 4 cores vivas sobre um suporte de papel artesanal de algod\u00e3o, feito a partir de restos de tecido vindo de f\u00e1bricas de roupa.<\/p>\n","protected":false},"excerpt":{"rendered":"<p>O Gato, sempre alegre e lesto no seu andar, \u00e9 uma das tr\u00eas serigrafias medievais desenhadas por Pedro Serpa, especialmente para a Qual Albatroz. Uma edi\u00e7\u00e3o exclusiva de 20 exemplares numerados e assinados. Obra impressa \u00e0 m\u00e3o na oficina da Qual Albatroz.<\/p>\n<p>PVP: 20,00 \u20ac<br \/>\nDesconto do editor: 10%<\/p>\n","protected":false},"featured_media":175,"comment_status":"open","ping_status":"closed","template":"","meta":[],"product_brand":[],"product_cat":[149,40],"product_tag":[71,52,118,150],"class_list":{"0":"post-174","1":"product","2":"type-product","3":"status-publish","4":"has-post-thumbnail","6":"product_cat-ilustracao-infantil","7":"product_cat-serigrafias","8":"product_tag-bichos","9":"product_tag-natureza","10":"product_tag-para-criancas","11":"product_tag-pedro-serpa","13":"first","14":"instock","15":"taxable","16":"shipping-taxable","17":"purchasable","18":"product-type-simple"},"_links":{"self":[{"href":"https:\/\/loja.qualalbatroz.pt\/index.php?rest_route=\/wp\/v2\/product\/174","targetHints":{"allow":["GET"]}}],"collection":[{"href":"https:\/\/loja.qualalbatroz.pt\/index.php?rest_route=\/wp\/v2\/product"}],"about":[{"href":"https:\/\/loja.qualalbatroz.pt\/index.php?rest_route=\/wp\/v2\/types\/product"}],"replies":[{"embeddable":true,"href":"https:\/\/loja.qualalbatroz.pt\/index.php?rest_route=%2Fwp%2Fv2%2Fcomments&post=174"}],"wp:featuredmedia":[{"embeddable":true,"href":"https:\/\/loja.qualalbatroz.pt\/index.php?rest_route=\/wp\/v2\/media\/175"}],"wp:attachment":[{"href":"https:\/\/loja.qualalbatroz.pt\/index.php?rest_route=%2Fwp%2Fv2%2Fmedia&parent=174"}],"wp:term":[{"taxonomy":"product_brand","embeddable":true,"href":"https:\/\/loja.qualalbatroz.pt\/index.php?rest_route=%2Fwp%2Fv2%2Fproduct_brand&post=174"},{"taxonomy":"product_cat","embeddable":true,"href":"https:\/\/loja.qualalbatroz.pt\/index.php?rest_route=%2Fwp%2Fv2%2Fproduct_cat&post=174"},{"taxonomy":"product_tag","embeddable":true,"href":"https:\/\/loja.qualalbatroz.pt\/index.php?rest_route=%2Fwp%2Fv2%2Fproduct_tag&post=174"}],"curies":[{"name":"wp","href":"https:\/\/api.w.org\/{rel}","templated":true}]}}