{"id":184,"date":"2016-02-22T15:18:10","date_gmt":"2016-02-22T15:18:10","guid":{"rendered":"http:\/\/loja.qualalbatroz.pt\/?product=import-placeholder-for-298"},"modified":"2024-01-05T11:51:32","modified_gmt":"2024-01-05T11:51:32","slug":"a-girafa","status":"publish","type":"product","link":"https:\/\/loja.qualalbatroz.pt\/?product=a-girafa","title":{"rendered":"A Girafa"},"content":{"rendered":"<p>A Girafa \u00e9 uma serigrafia divertida e colorida baseada numa ilustra\u00e7\u00e3o feita para um livros de crian\u00e7as com adivinhas sobre animais. Trata-se de uma edi\u00e7\u00e3o limitada, impressa a 3 cores quentes e vivas sobre um suporte de papel artesanal de algod\u00e3o, feito a partir de restos de tecido vindo de f\u00e1bricas de roupa.<\/p>\n<p>A edi\u00e7\u00e3o \u00e9 de 28 exemplares e todas as serigrafias est\u00e3o assinada e numeradas.<\/p>\n","protected":false},"excerpt":{"rendered":"<p>Serigrafia divertida e colorida baseada numa ilustra\u00e7\u00e3o feita para um livros de crian\u00e7as. Uma edi\u00e7\u00e3o limitada de 28 exemplares, impresso \u00e0 m\u00e3o, da autoria de Marc Parchow.<\/p>\n<p>PVP: 20,00 \u20ac<br \/>\nDesconto do editor: 10%<\/p>\n","protected":false},"featured_media":185,"comment_status":"open","ping_status":"closed","template":"","meta":[],"product_brand":[],"product_cat":[149,40],"product_tag":[71,27,52,118],"class_list":{"0":"post-184","1":"product","2":"type-product","3":"status-publish","4":"has-post-thumbnail","6":"product_cat-ilustracao-infantil","7":"product_cat-serigrafias","8":"product_tag-bichos","9":"product_tag-marc-parchow","10":"product_tag-natureza","11":"product_tag-para-criancas","13":"first","14":"instock","15":"taxable","16":"shipping-taxable","17":"purchasable","18":"product-type-simple"},"_links":{"self":[{"href":"https:\/\/loja.qualalbatroz.pt\/index.php?rest_route=\/wp\/v2\/product\/184","targetHints":{"allow":["GET"]}}],"collection":[{"href":"https:\/\/loja.qualalbatroz.pt\/index.php?rest_route=\/wp\/v2\/product"}],"about":[{"href":"https:\/\/loja.qualalbatroz.pt\/index.php?rest_route=\/wp\/v2\/types\/product"}],"replies":[{"embeddable":true,"href":"https:\/\/loja.qualalbatroz.pt\/index.php?rest_route=%2Fwp%2Fv2%2Fcomments&post=184"}],"wp:featuredmedia":[{"embeddable":true,"href":"https:\/\/loja.qualalbatroz.pt\/index.php?rest_route=\/wp\/v2\/media\/185"}],"wp:attachment":[{"href":"https:\/\/loja.qualalbatroz.pt\/index.php?rest_route=%2Fwp%2Fv2%2Fmedia&parent=184"}],"wp:term":[{"taxonomy":"product_brand","embeddable":true,"href":"https:\/\/loja.qualalbatroz.pt\/index.php?rest_route=%2Fwp%2Fv2%2Fproduct_brand&post=184"},{"taxonomy":"product_cat","embeddable":true,"href":"https:\/\/loja.qualalbatroz.pt\/index.php?rest_route=%2Fwp%2Fv2%2Fproduct_cat&post=184"},{"taxonomy":"product_tag","embeddable":true,"href":"https:\/\/loja.qualalbatroz.pt\/index.php?rest_route=%2Fwp%2Fv2%2Fproduct_tag&post=184"}],"curies":[{"name":"wp","href":"https:\/\/api.w.org\/{rel}","templated":true}]}}