{"id":201,"date":"2008-02-23T15:20:11","date_gmt":"2008-02-23T15:20:11","guid":{"rendered":"http:\/\/loja.qualalbatroz.pt\/?product=import-placeholder-for-331"},"modified":"2022-01-07T14:17:03","modified_gmt":"2022-01-07T14:17:03","slug":"o-pavor-da-pagina-em-branco","status":"publish","type":"product","link":"https:\/\/loja.qualalbatroz.pt\/?product=o-pavor-da-pagina-em-branco","title":{"rendered":"O pavor da p\u00e1gina em branco"},"content":{"rendered":"<p>A prancha de abertura da <i>Ess\u00eancia<\/i> \u00e9 uma aut\u00eantica s\u00edntese da cultura dos anos 80: allstars, gira-discos, K7s, super-her\u00f3is de BD, guaches e muito mais outras coisas espalhados pelas prateleiras, paredes, mesa e ch\u00e3o do quarto do Menino Triste. L\u00e1 por tr\u00e1s a Cabra a trazer-nos Coimbra e o ambiente estudantil. E no centro disto tudo, o Menino Triste, com a sua aura tripartida, enfrenta a falta de inspira\u00e7\u00e3o. Esta \u00e9, sem d\u00favida, uma das pranchas mais significativas da obra e uma das que melhor mostram o trabalho do pormenor no desenho de Jo\u00e3o Mascarenhas.<\/p>\n<p>A edi\u00e7\u00e3o \u00e9 de 100 exemplares e todas as serigrafias est\u00e3o assinada e numeradas.<\/p>\n","protected":false},"excerpt":{"rendered":"<p>Prancha de abertura d&#039;<i>A Ess\u00eancia<\/i>, 3.\u00ba \u00e1lbum de aventuras do Menino Triste. A pavorosa p\u00e1gina em branco que leva o Menino Triste em busca da ess\u00eancia da Arte e da criatividade.<\/p>\n<p>PVP: 40,00 \u20ac<br \/>\nDesconto do editor: 10%<\/p>\n","protected":false},"featured_media":202,"comment_status":"open","ping_status":"closed","template":"","meta":[],"product_brand":[],"product_cat":[149,40],"product_tag":[163,164,165],"class_list":{"0":"post-201","1":"product","2":"type-product","3":"status-publish","4":"has-post-thumbnail","6":"product_cat-ilustracao-infantil","7":"product_cat-serigrafias","8":"product_tag-banda-desenhada","9":"product_tag-joao-mascarenhas","10":"product_tag-menino-triste","12":"first","13":"instock","14":"taxable","15":"shipping-taxable","16":"purchasable","17":"product-type-simple"},"_links":{"self":[{"href":"https:\/\/loja.qualalbatroz.pt\/index.php?rest_route=\/wp\/v2\/product\/201","targetHints":{"allow":["GET"]}}],"collection":[{"href":"https:\/\/loja.qualalbatroz.pt\/index.php?rest_route=\/wp\/v2\/product"}],"about":[{"href":"https:\/\/loja.qualalbatroz.pt\/index.php?rest_route=\/wp\/v2\/types\/product"}],"replies":[{"embeddable":true,"href":"https:\/\/loja.qualalbatroz.pt\/index.php?rest_route=%2Fwp%2Fv2%2Fcomments&post=201"}],"wp:featuredmedia":[{"embeddable":true,"href":"https:\/\/loja.qualalbatroz.pt\/index.php?rest_route=\/wp\/v2\/media\/202"}],"wp:attachment":[{"href":"https:\/\/loja.qualalbatroz.pt\/index.php?rest_route=%2Fwp%2Fv2%2Fmedia&parent=201"}],"wp:term":[{"taxonomy":"product_brand","embeddable":true,"href":"https:\/\/loja.qualalbatroz.pt\/index.php?rest_route=%2Fwp%2Fv2%2Fproduct_brand&post=201"},{"taxonomy":"product_cat","embeddable":true,"href":"https:\/\/loja.qualalbatroz.pt\/index.php?rest_route=%2Fwp%2Fv2%2Fproduct_cat&post=201"},{"taxonomy":"product_tag","embeddable":true,"href":"https:\/\/loja.qualalbatroz.pt\/index.php?rest_route=%2Fwp%2Fv2%2Fproduct_tag&post=201"}],"curies":[{"name":"wp","href":"https:\/\/api.w.org\/{rel}","templated":true}]}}