{"id":213,"date":"2016-04-14T15:21:53","date_gmt":"2016-04-14T14:21:53","guid":{"rendered":"http:\/\/loja.qualalbatroz.pt\/?product=import-placeholder-for-672"},"modified":"2024-01-05T11:51:41","modified_gmt":"2024-01-05T11:51:41","slug":"o-livro-da-pira","status":"publish","type":"product","link":"https:\/\/loja.qualalbatroz.pt\/?product=o-livro-da-pira","title":{"rendered":"Pir\u00e1"},"content":{"rendered":"<p>Pir\u00e1, que \u00e9 simp\u00e1tica e curiosa, repara que alguns dos meninos que a visitam est\u00e3o a perder os dentes. Ela come\u00e7a ent\u00e3o a pensar que o mesmo poder\u00e1 acontecer com ela, coisa que a deixa muito assustada. O que ser\u00e1 que se passa com os meninos Ser\u00e1 coisa grave? E se o mesmo acontecer comigo e com todas as piranhas? O que ser\u00e1 de mim sem os meus belos dentinhos? Como uma crian\u00e7a curiosa, Pir\u00e1 s\u00f3 vai descansar quando conseguir resolver este mist\u00e9rio dos meninos desdentados.<\/p>\n<p>Foi o Carlos Canhoto que escreveu esta hist\u00f3ria ternurenta e divertida, e o Marc que lhe deu ilustra\u00e7\u00f5es queridas e bem dispostas. <em>Pir\u00e1<\/em> \u00e9 uma obra adequada para crian\u00e7as na idade de perder os dentes, que come\u00e7am a descobrir o prazer dos pequenos jogos de palavras e se divertem com ilustra\u00e7\u00f5es alegres e coloridas.<\/p>\n<p>O livro tem um capa fofa e lav\u00e1vel e mal se abre encontramos as guardas cheias de piranhas \u00e0 espera de serem coloridas. O livro inclui ainda uma m\u00fasica no final para cantar com os mais pequenos. <em>Pir\u00e1<\/em> \u00e9 o primeiro t\u00edtulo para crian\u00e7as da Qual Albatroz e pens\u00e1mo-lo muito bem para ajudar e a encorajar os mais pequenos a descobrir e a compreender o que se passa \u00e0 sua volta. Pens\u00e1mos muito bem no formato do livro, nos materiais, no estilo da ilustra\u00e7\u00e3o e no tipo de hist\u00f3ria a contar. Tudo isto conta quando se edita para crian\u00e7as.<\/p>\n<p>Para mais informa\u00e7\u00f5es sobre o livro e algumas boas surpresas, podes consultar a <a href=\"https:\/\/qualalbatroz.pt\/arquivo\/o-livro-da-pira\/\" rel=\"noopener noreferrer\" target=\"_blank\">p\u00e1gina da Pir\u00e1<\/a>.<\/p>\n","protected":false},"excerpt":{"rendered":"<p><i>Pir\u00e1<\/i> \u00e9 uma obra infantil para crian\u00e7as na idade de perder os dentes. Conta a hist\u00f3ria de uma bela piranha de sorriso afiado, que vive no Fluvi\u00e1rio de Mora. As ilustra\u00e7\u00f5es coloridas e bem-dispostas s\u00e3o da autoria do Marc. <\/p>\n<p>PVP: 10,00 \u20ac<br \/>\nDesconto do editor: 10%<\/p>\n","protected":false},"featured_media":214,"comment_status":"open","ping_status":"closed","template":"","meta":[],"product_brand":[],"product_cat":[21,173],"product_tag":[71,186,27,52,118,187],"class_list":{"0":"post-213","1":"product","2":"type-product","3":"status-publish","4":"has-post-thumbnail","6":"product_cat-livros-da-qual-albatroz","7":"product_cat-livros-para-criancas","8":"product_tag-bichos","9":"product_tag-carlos-canhoto","10":"product_tag-marc-parchow","11":"product_tag-natureza","12":"product_tag-para-criancas","13":"product_tag-piranhas","15":"first","16":"instock","17":"taxable","18":"shipping-taxable","19":"purchasable","20":"product-type-simple"},"_links":{"self":[{"href":"https:\/\/loja.qualalbatroz.pt\/index.php?rest_route=\/wp\/v2\/product\/213","targetHints":{"allow":["GET"]}}],"collection":[{"href":"https:\/\/loja.qualalbatroz.pt\/index.php?rest_route=\/wp\/v2\/product"}],"about":[{"href":"https:\/\/loja.qualalbatroz.pt\/index.php?rest_route=\/wp\/v2\/types\/product"}],"replies":[{"embeddable":true,"href":"https:\/\/loja.qualalbatroz.pt\/index.php?rest_route=%2Fwp%2Fv2%2Fcomments&post=213"}],"wp:featuredmedia":[{"embeddable":true,"href":"https:\/\/loja.qualalbatroz.pt\/index.php?rest_route=\/wp\/v2\/media\/214"}],"wp:attachment":[{"href":"https:\/\/loja.qualalbatroz.pt\/index.php?rest_route=%2Fwp%2Fv2%2Fmedia&parent=213"}],"wp:term":[{"taxonomy":"product_brand","embeddable":true,"href":"https:\/\/loja.qualalbatroz.pt\/index.php?rest_route=%2Fwp%2Fv2%2Fproduct_brand&post=213"},{"taxonomy":"product_cat","embeddable":true,"href":"https:\/\/loja.qualalbatroz.pt\/index.php?rest_route=%2Fwp%2Fv2%2Fproduct_cat&post=213"},{"taxonomy":"product_tag","embeddable":true,"href":"https:\/\/loja.qualalbatroz.pt\/index.php?rest_route=%2Fwp%2Fv2%2Fproduct_tag&post=213"}],"curies":[{"name":"wp","href":"https:\/\/api.w.org\/{rel}","templated":true}]}}