{"id":240,"date":"2017-09-13T18:31:14","date_gmt":"2017-09-13T17:31:14","guid":{"rendered":"http:\/\/loja.qualalbatroz.pt\/?product=import-placeholder-for-3389"},"modified":"2025-04-15T08:44:57","modified_gmt":"2025-04-15T07:44:57","slug":"mia-edicao-artesanal","status":"publish","type":"product","link":"https:\/\/loja.qualalbatroz.pt\/?product=mia-edicao-artesanal","title":{"rendered":"Mia (edi\u00e7\u00e3o artesanal)"},"content":{"rendered":"<p><strong>Esta \u00e9 a vers\u00e3o definitiva de <em>Mia<\/em>, de Filipa Fortunato, tornada agora livro de artista e impressa pelo m\u00e9todo artesanal em serigrafia, reproduzindo a maquete original da autora. \u00c9 uma edi\u00e7\u00e3o exclusiva, com uma tiragem limitada a 30 exemplares. Todos os exemplares s\u00e3o assinados e numerados<\/strong>.<\/p>\n<p><iframe loading=\"lazy\" src=\"https:\/\/player.vimeo.com\/video\/233171363\" width=\"700\" height=\"394\" frameborder=\"0\" webkitallowfullscreen mozallowfullscreen allowfullscreen><\/iframe><\/p>\n<p><a href=\"https:\/\/vimeo.com\/233171363\">V&iacute;deo da feitura de &quot;Mia&quot;, de Filipa Fortunato &mdash; feitura da edi&ccedil;&atilde;o artesanal<\/a> from <a href=\"https:\/\/vimeo.com\/qualalbatroz\">Qual Albatroz<\/a> on <a href=\"https:\/\/vimeo.com\">Vimeo<\/a>.<\/p>\n<p>O livro conta-nos a hist\u00f3ria de Mia, \u00abuma menina de sete anos, igual a tantas outras meninas da sua idade, que passa as suas f\u00e9rias de ver\u00e3o na praia. Mia adora o mar! Mas naquele ver\u00e3o uma nuvem negra chegou \u00e0 sua vida. No final de um maravilhoso dia de praia, soube que era uma pessoa com diabetes&#8230;\u00bb Esta \u00e9 uma descoberta que, infelizmente, ainda acontece mais vezes do que desejar\u00edamos, e espelha tamb\u00e9m a vida da pr\u00f3pria autora, que, aos sete anos, soube que era diab\u00e9tica. Mas Mia, como Filipa, \u00e9 uma lutadora e, ao longo das p\u00e1ginas deste livro, enfrenta e vence o medo e a solid\u00e3o, e recupera o sorriso e a capacidade de sonhar o seu futuro.<\/p>\n<p>Como nos diz Jean-Philippe Assal no pref\u00e1cio do livro: \u00abAs p\u00e1ginas s\u00e3o escuras, as perguntas chegam de todos os lados. Uma m\u00e3o preta diz STOP \u00e0 liberdade. A solid\u00e3o marca presen\u00e7a neste in\u00edcio, \u00e9 mesmo muito assustadora, com a forma de um monstro a fazer caretas. A vida torna-se um pesadelo e Mia est\u00e1 completamente dilacerada. As suas amiguinhas tamb\u00e9m t\u00eam medo e afastam-se. Ela j\u00e1 n\u00e3o \u00e9 como as meninas da sua idade. Depois, as p\u00e1ginas ganham uma cor azul e aparece a grande e boa estrela, que segue Mia com um olhinho astuto e a vai acompanhar de longe e de perto.\u00bb<\/p>\n<p><em>Mia<\/em> \u00e9 mais do que um livro sobre diabetes. A sua hist\u00f3ria fala-nos de aceita\u00e7\u00e3o, de amizade e, acima de tudo, do poder regenerador do sonho.<\/p>\n<p>Mais informa\u00e7\u00e3o sobre <a href=\"\/?p=2146\">Filipa Fortunato<\/a>.<\/p>\n","protected":false},"excerpt":{"rendered":"<p><em>Mia<\/em> conta-nos a hist\u00f3ria de uma menina que, aos sete anos, descobre que \u00e9 diab\u00e9tica. Com grande singeleza e verdade, este livro fala-nos de aceita\u00e7\u00e3o, de amizade e do poder regenerador do sonho. A edi\u00e7\u00e3o \u00e9 bilingue, em portugu\u00eas e franc\u00eas, e conta com um pref\u00e1cio do m\u00e9dico su\u00ed\u00e7o Jean-Philippe Assal.<\/p>\n<p><strong>Edi\u00e7\u00e3o artesanal em impress\u00e3o serigr\u00e1fica<\/strong>.<\/p>\n<p>PVP: 80,00 \u20ac<br \/>\nDesconto do editor: 10%<\/p>\n","protected":false},"featured_media":241,"comment_status":"open","ping_status":"closed","template":"","meta":[],"product_brand":[],"product_cat":[398,21,72,22],"product_tag":[201,194,202],"class_list":{"0":"post-240","1":"product","2":"type-product","3":"status-publish","4":"has-post-thumbnail","6":"product_cat-livros","7":"product_cat-livros-da-qual-albatroz","8":"product_cat-livros-de-artista","9":"product_cat-livros-feitos-a-mao","10":"product_tag-associacao-protectora-dos-diabeticos-de-portugal","11":"product_tag-autores-portugueses","12":"product_tag-filipa-fortunato","14":"first","15":"instock","16":"taxable","17":"shipping-taxable","18":"purchasable","19":"product-type-simple"},"_links":{"self":[{"href":"https:\/\/loja.qualalbatroz.pt\/index.php?rest_route=\/wp\/v2\/product\/240","targetHints":{"allow":["GET"]}}],"collection":[{"href":"https:\/\/loja.qualalbatroz.pt\/index.php?rest_route=\/wp\/v2\/product"}],"about":[{"href":"https:\/\/loja.qualalbatroz.pt\/index.php?rest_route=\/wp\/v2\/types\/product"}],"replies":[{"embeddable":true,"href":"https:\/\/loja.qualalbatroz.pt\/index.php?rest_route=%2Fwp%2Fv2%2Fcomments&post=240"}],"wp:featuredmedia":[{"embeddable":true,"href":"https:\/\/loja.qualalbatroz.pt\/index.php?rest_route=\/wp\/v2\/media\/241"}],"wp:attachment":[{"href":"https:\/\/loja.qualalbatroz.pt\/index.php?rest_route=%2Fwp%2Fv2%2Fmedia&parent=240"}],"wp:term":[{"taxonomy":"product_brand","embeddable":true,"href":"https:\/\/loja.qualalbatroz.pt\/index.php?rest_route=%2Fwp%2Fv2%2Fproduct_brand&post=240"},{"taxonomy":"product_cat","embeddable":true,"href":"https:\/\/loja.qualalbatroz.pt\/index.php?rest_route=%2Fwp%2Fv2%2Fproduct_cat&post=240"},{"taxonomy":"product_tag","embeddable":true,"href":"https:\/\/loja.qualalbatroz.pt\/index.php?rest_route=%2Fwp%2Fv2%2Fproduct_tag&post=240"}],"curies":[{"name":"wp","href":"https:\/\/api.w.org\/{rel}","templated":true}]}}