{"id":3805,"date":"2008-07-19T23:04:55","date_gmt":"2008-07-19T22:04:55","guid":{"rendered":"https:\/\/loja.qualalbatroz.pt\/?post_type=product&#038;p=3805"},"modified":"2025-12-02T22:13:57","modified_gmt":"2025-12-02T22:13:57","slug":"o-menino-triste-a-essencia","status":"publish","type":"product","link":"https:\/\/loja.qualalbatroz.pt\/?product=o-menino-triste-a-essencia","title":{"rendered":"O Menino Triste \u2013 A Ess\u00eancia"},"content":{"rendered":"<p>Como diz Jos\u00e9 Lu\u00eds Peixoto no seu pref\u00e1cio ao \u00e1lbum \u201cA viagem do Menino Triste, que tamb\u00e9m \u00e9 nossa, \u00e9 feita por dentro.\u201d \u00c9 esta a viagem \u00e0 qual o her\u00f3i da nossa hist\u00f3ria se lan\u00e7a quando, face a uma pavorosa p\u00e1gina em branco, decide ir em busca da ess\u00eancia da Arte para assim poder criar e vencer a sua crise de criatividade.<\/p>\n<p>A aventura come\u00e7a em Coimbra, cidade portuguesa s\u00edmbolo do saber, por onde o Menino Triste deambula, reflectindo e dialogando com os seus amigos sobre o que \u00e9 Arte, sobre os segredos da cria\u00e7\u00e3o, sobre Leonardo da Vinci, os antigos Eg\u00edpcios, e sobre tudo o que o fascina. A sua investiga\u00e7\u00e3o acaba por lev\u00e1-lo at\u00e9 Veneza, cidade guardi\u00e3 do Belo. A\u00ed, a intriga adensa-se com a entrada em jogo de duas sociedades secretas rivais, a \u201cOpus Mater\u201d e a \u201cObscurantis\u201d. A primeira \u00e9 a protectora do segredo da ess\u00eancia da Arte, a segunda \u00e9 inimiga do Belo e pretende apoderar-se do segredo para o desvirtuar. Qual ser\u00e1 o desfecho desta aventura?<\/p>\n<p>Est\u00e1 \u00e9 a primeira aventura da personagem do Menino Triste em formato de \u00e1lbum, e tamb\u00e9m a primeira a ser editada pela Qual Albatroz. A narra\u00e7\u00e3o \u00e9 feita num registo meio policial, meio filos\u00f3fico, e cruza os mitos fundadores da Europa com a vida dos anos 80.<\/p>\n<p>Do ponto de vista das ilustra\u00e7\u00f5es, a arte de Jo\u00e3o Mascarenhas \u00e9 bel\u00edssima. As cidades de Coimbra e Veneza s\u00e3o representadas em todo o seu esplendor em desenhos de apurado pormenor. O tra\u00e7o \u00e9 robusto, exacto e leve, capaz de desenhar com a mesma beleza situa\u00e7\u00f5es c\u00f3micas, graves e triviais. Coimbra e Veneza est\u00e3o vivas nas suas ilustra\u00e7\u00f5es.<\/p>\n","protected":false},"excerpt":{"rendered":"<p><em>O Menino Triste \u2013 A Ess\u00eancia<\/em> \u00e9 um livro de banda desenhada para todas as idades, que nos leva a visitar os segredos da Arte e da Cria\u00e7\u00e3o. \u00c9 a 3.\u00aa hist\u00f3ria desta personagem criada por Jo\u00e3o Mascarenhas.<\/p>\n<p>Com pref\u00e1cio de Jos\u00e9 Lu\u00eds Peixoto<\/p>\n","protected":false},"featured_media":3806,"comment_status":"open","ping_status":"closed","template":"","meta":[],"product_brand":[],"product_cat":[231],"product_tag":[239,164,242,26,237,238],"class_list":{"0":"post-3805","1":"product","2":"type-product","3":"status-publish","4":"has-post-thumbnail","6":"product_cat-livros-de-banda-desenhada","7":"product_tag-coimbra","8":"product_tag-joao-mascarenhas","9":"product_tag-jose-luis-peixoto","10":"product_tag-maravilhoso","11":"product_tag-o-menino-triste","12":"product_tag-veneza","14":"first","15":"instock","16":"sale","17":"taxable","18":"shipping-taxable","19":"purchasable","20":"product-type-simple"},"_links":{"self":[{"href":"https:\/\/loja.qualalbatroz.pt\/index.php?rest_route=\/wp\/v2\/product\/3805","targetHints":{"allow":["GET"]}}],"collection":[{"href":"https:\/\/loja.qualalbatroz.pt\/index.php?rest_route=\/wp\/v2\/product"}],"about":[{"href":"https:\/\/loja.qualalbatroz.pt\/index.php?rest_route=\/wp\/v2\/types\/product"}],"replies":[{"embeddable":true,"href":"https:\/\/loja.qualalbatroz.pt\/index.php?rest_route=%2Fwp%2Fv2%2Fcomments&post=3805"}],"wp:featuredmedia":[{"embeddable":true,"href":"https:\/\/loja.qualalbatroz.pt\/index.php?rest_route=\/wp\/v2\/media\/3806"}],"wp:attachment":[{"href":"https:\/\/loja.qualalbatroz.pt\/index.php?rest_route=%2Fwp%2Fv2%2Fmedia&parent=3805"}],"wp:term":[{"taxonomy":"product_brand","embeddable":true,"href":"https:\/\/loja.qualalbatroz.pt\/index.php?rest_route=%2Fwp%2Fv2%2Fproduct_brand&post=3805"},{"taxonomy":"product_cat","embeddable":true,"href":"https:\/\/loja.qualalbatroz.pt\/index.php?rest_route=%2Fwp%2Fv2%2Fproduct_cat&post=3805"},{"taxonomy":"product_tag","embeddable":true,"href":"https:\/\/loja.qualalbatroz.pt\/index.php?rest_route=%2Fwp%2Fv2%2Fproduct_tag&post=3805"}],"curies":[{"name":"wp","href":"https:\/\/api.w.org\/{rel}","templated":true}]}}