{"id":3811,"date":"2011-10-19T23:41:18","date_gmt":"2011-10-19T22:41:18","guid":{"rendered":"https:\/\/loja.qualalbatroz.pt\/?post_type=product&#038;p=3811"},"modified":"2026-03-29T19:00:42","modified_gmt":"2026-03-29T18:00:42","slug":"o-menino-triste-punk-redux","status":"publish","type":"product","link":"https:\/\/loja.qualalbatroz.pt\/?product=o-menino-triste-punk-redux","title":{"rendered":"O Menino Triste \u2013 Punk Redux"},"content":{"rendered":"<p>A hist\u00f3ria do livro parte de um peda\u00e7o de vida do seu autor, que esteve em Inglaterra em 1976, onde conheceu Soo Catwoman, autora do pref\u00e1cio \u00e0 obra, Susie, Punk e tantos outros que estiveram nas origens da cena punk. Jo\u00e3o Mascarenhas esteve l\u00e1, mas \u00e9 atrav\u00e9s do seu alter-ego que vai viver a fundo esta experi\u00eancia punk: os concertos no 100 Club, as roupas, as cristas, a porrada, o sexo, enfim, a atitude provocat\u00f3riao e a rebeldia.<\/p>\n<p>O Menino Triste esteve bem no centro de tudo e voltou para nos contar mais esta viagem emocional. Para o autor, e para o seu alter-ego, o punk foi muito mais do que os clich\u00eas dos cabelos em crista, das pulseiras de picos e da obscenidade. H\u00e1 uma ess\u00eancia criadora e uma energia vital neste movimento que foram esquecidas e que este livro tenta recuperar: o grito inconformista, a luta contra o convencional, a ousadia de afirmar&#8230;<\/p>\n<p>Entrela\u00e7ando-se no fio da narrativa principal, h\u00e1 uma reflex\u00e3o sobre o Portugal de ent\u00e3o, acabado de sair de d\u00e9cadas de ditadura e de repress\u00e3o \u00e0s liberdades individuais de agir, criar e mesmo pensar, o que aproximava o pa\u00eds da contesta\u00e7\u00e3o punk. \u00c9 no cruzamento destes dois fios que surgem as reflex\u00f5es e os acontecimentos mais originais e provocat\u00f3rios da obra. Para os olhos mais atentos, ser\u00e1 poss\u00edvel descobrir Jos\u00e9 M\u00e1rio Branco e outros tantos que, como ele, fizeram da liberdade de express\u00e3o a sua causa.<\/p>\n<p><em>Punk Redux<\/em> traduz a \u00e2nsia de mudan\u00e7a do movimento punk, expressa atrav\u00e9s de uma valente biqueirada no piegas e no convencional, cujas repercuss\u00f5es se sentem ainda hoje.<\/p>\n","protected":false},"excerpt":{"rendered":"<p><em>Punk Redux<\/em> \u00e9 o segundo \u00e1lbum de banda desenhada com hist\u00f3rias do Menino Triste. O movimento Punk e a Inglaterra dos anos 70 s\u00e3o o pano de fundo para mais esta investiga\u00e7\u00e3o do alter-ego de Jo\u00e3o Mascarenhas.<\/p>\n<p>Com pref\u00e1cio de Soo Catwoman<\/p>\n","protected":false},"featured_media":3816,"comment_status":"open","ping_status":"closed","template":"","meta":[],"product_brand":[],"product_cat":[231],"product_tag":[248,164,237,249],"class_list":{"0":"post-3811","1":"product","2":"type-product","3":"status-publish","4":"has-post-thumbnail","6":"product_cat-livros-de-banda-desenhada","7":"product_tag-inglaterra","8":"product_tag-joao-mascarenhas","9":"product_tag-o-menino-triste","10":"product_tag-soo-catwoman","12":"first","13":"instock","14":"sale","15":"taxable","16":"shipping-taxable","17":"purchasable","18":"product-type-simple"},"_links":{"self":[{"href":"https:\/\/loja.qualalbatroz.pt\/index.php?rest_route=\/wp\/v2\/product\/3811","targetHints":{"allow":["GET"]}}],"collection":[{"href":"https:\/\/loja.qualalbatroz.pt\/index.php?rest_route=\/wp\/v2\/product"}],"about":[{"href":"https:\/\/loja.qualalbatroz.pt\/index.php?rest_route=\/wp\/v2\/types\/product"}],"replies":[{"embeddable":true,"href":"https:\/\/loja.qualalbatroz.pt\/index.php?rest_route=%2Fwp%2Fv2%2Fcomments&post=3811"}],"wp:featuredmedia":[{"embeddable":true,"href":"https:\/\/loja.qualalbatroz.pt\/index.php?rest_route=\/wp\/v2\/media\/3816"}],"wp:attachment":[{"href":"https:\/\/loja.qualalbatroz.pt\/index.php?rest_route=%2Fwp%2Fv2%2Fmedia&parent=3811"}],"wp:term":[{"taxonomy":"product_brand","embeddable":true,"href":"https:\/\/loja.qualalbatroz.pt\/index.php?rest_route=%2Fwp%2Fv2%2Fproduct_brand&post=3811"},{"taxonomy":"product_cat","embeddable":true,"href":"https:\/\/loja.qualalbatroz.pt\/index.php?rest_route=%2Fwp%2Fv2%2Fproduct_cat&post=3811"},{"taxonomy":"product_tag","embeddable":true,"href":"https:\/\/loja.qualalbatroz.pt\/index.php?rest_route=%2Fwp%2Fv2%2Fproduct_tag&post=3811"}],"curies":[{"name":"wp","href":"https:\/\/api.w.org\/{rel}","templated":true}]}}