{"id":70,"date":"2018-08-10T06:57:03","date_gmt":"2018-08-10T05:57:03","guid":{"rendered":"http:\/\/loja.qualalbatroz.pt\/?product=import-placeholder-for-96"},"modified":"2024-09-14T22:51:13","modified_gmt":"2024-09-14T21:51:13","slug":"a-distancia-da-lua","status":"publish","type":"product","link":"https:\/\/loja.qualalbatroz.pt\/?product=a-distancia-da-lua","title":{"rendered":"A Dist\u00e2ncia da Lua"},"content":{"rendered":"<p>Esta ilustra\u00e7\u00e3o foi inspirada no conto \u00abLa Distanza della Luna\u00bb, que integra a obra Le Cosmicomiche (1963-1964), de Italo Calvino. Trata-se de uma prodigiosa hist\u00f3ria de amor, em que as personagens \u2013 Qfwfq (o narrador), o primo surdo, o capit\u00e3o Vhd e a sua mulher, e por vezes a pequena Xlthlx \u2013 viajam de barco, munidas de uma escada port\u00e1til, e trepam \u00e0 Lua para ali recolherem o leite lunar que se forma nos interst\u00edcios das suas escamas.<\/p>\n<p>A &#8220;Dist\u00e2ncia da Lua&#8221; \u00e9 uma serigrafia assinada e numerada com uma tiragem de apenas 13 exemplares. Por ser um produto manufacturado \u00e9 poss\u00edvel que haja pequenas diferen\u00e7as em cada uma das impress\u00f5es.<\/p>\n<p>A Serigrafia \u00e9 vendida sem moldura ou suporte e enviada para qualquer lugar no mundo num envelope refor\u00e7ado e protegido livre de pl\u00e1stico com informa\u00e7\u00e3o de \u201ctracking\u201d dos correios.<\/p>\n","protected":false},"excerpt":{"rendered":"<p>Serigrafia inspirada no conto \u00abLa Distanza della Luna\u00bb, uma prodigiosa e comovente hist\u00f3ria de amor sa\u00edda da m\u00e3o e do imagin\u00e1rio maravilhoso de Italo Calvino. Uma edi\u00e7\u00e3o limitada de 30 exemplares, da autoria de Marc Parchow.<\/p>\n<p><strong>2.\u00aa edi\u00e7\u00e3o<\/strong><\/p>\n<p>PVP: 40,00 \u20ac<br \/>\nDesconto do editor: 10%<\/p>\n","protected":false},"featured_media":3824,"comment_status":"open","ping_status":"closed","template":"","meta":[],"product_brand":[],"product_cat":[41,40],"product_tag":[42,43,26,27],"class_list":{"0":"post-70","1":"product","2":"type-product","3":"status-publish","4":"has-post-thumbnail","6":"product_cat-ilustracao","7":"product_cat-serigrafias","8":"product_tag-amor","9":"product_tag-mar","10":"product_tag-maravilhoso","11":"product_tag-marc-parchow","13":"first","14":"instock","15":"taxable","16":"shipping-taxable","17":"purchasable","18":"product-type-simple"},"_links":{"self":[{"href":"https:\/\/loja.qualalbatroz.pt\/index.php?rest_route=\/wp\/v2\/product\/70","targetHints":{"allow":["GET"]}}],"collection":[{"href":"https:\/\/loja.qualalbatroz.pt\/index.php?rest_route=\/wp\/v2\/product"}],"about":[{"href":"https:\/\/loja.qualalbatroz.pt\/index.php?rest_route=\/wp\/v2\/types\/product"}],"replies":[{"embeddable":true,"href":"https:\/\/loja.qualalbatroz.pt\/index.php?rest_route=%2Fwp%2Fv2%2Fcomments&post=70"}],"wp:featuredmedia":[{"embeddable":true,"href":"https:\/\/loja.qualalbatroz.pt\/index.php?rest_route=\/wp\/v2\/media\/3824"}],"wp:attachment":[{"href":"https:\/\/loja.qualalbatroz.pt\/index.php?rest_route=%2Fwp%2Fv2%2Fmedia&parent=70"}],"wp:term":[{"taxonomy":"product_brand","embeddable":true,"href":"https:\/\/loja.qualalbatroz.pt\/index.php?rest_route=%2Fwp%2Fv2%2Fproduct_brand&post=70"},{"taxonomy":"product_cat","embeddable":true,"href":"https:\/\/loja.qualalbatroz.pt\/index.php?rest_route=%2Fwp%2Fv2%2Fproduct_cat&post=70"},{"taxonomy":"product_tag","embeddable":true,"href":"https:\/\/loja.qualalbatroz.pt\/index.php?rest_route=%2Fwp%2Fv2%2Fproduct_tag&post=70"}],"curies":[{"name":"wp","href":"https:\/\/api.w.org\/{rel}","templated":true}]}}