{"id":79,"date":"2014-10-10T06:57:44","date_gmt":"2014-10-10T05:57:44","guid":{"rendered":"http:\/\/loja.qualalbatroz.pt\/?product=import-placeholder-for-108"},"modified":"2021-02-12T09:37:48","modified_gmt":"2021-02-12T09:37:48","slug":"barquito","status":"publish","type":"product","link":"https:\/\/loja.qualalbatroz.pt\/?product=barquito","title":{"rendered":"Barquito"},"content":{"rendered":"<p>\u00abBarquito\u00bb \u00e9 um trabalho de Marc Parchow, inspirado nas embarca\u00e7\u00f5es da Nazar\u00e9 e no mar portugu\u00eas. Uma serigrafia assinada e numerada, com uma tiragem de apenas 25 exemplares. O papel \u00e9 produzido pela Moinho, a partir de roupa de ganga reciclada. Por se tratar de um produto manufacturado, \u00e9 poss\u00edvel que cada uma das impress\u00f5es evidencie pequenas diferen\u00e7as<\/p>\n<p>A serigrafia \u00e9 vendida sem moldura nem suporte, e enviada para qualquer lugar do mundo num envelope refor\u00e7ado e protegido, livre de pl\u00e1stico, com informa\u00e7\u00e3o de &#8220;tracking&#8221; dos correios.<\/p>\n","protected":false},"excerpt":{"rendered":"<p>\u00abBarquito\u00bb \u00e9 uma serigrafia a 4 cores de Marc Parchow, inspirado nas embarca\u00e7\u00f5es da Nazar\u00e9 e no mar portugu\u00eas.<\/p>\n<p>PVP: 20,00 \u20ac<br \/>\nDesconto do editor: 10%<\/p>\n","protected":false},"featured_media":81,"comment_status":"open","ping_status":"closed","template":"","meta":[],"product_brand":[],"product_cat":[41,40],"product_tag":[43,27,52],"class_list":{"0":"post-79","1":"product","2":"type-product","3":"status-publish","4":"has-post-thumbnail","6":"product_cat-ilustracao","7":"product_cat-serigrafias","8":"product_tag-mar","9":"product_tag-marc-parchow","10":"product_tag-natureza","12":"first","13":"instock","14":"taxable","15":"shipping-taxable","16":"purchasable","17":"product-type-simple"},"_links":{"self":[{"href":"https:\/\/loja.qualalbatroz.pt\/index.php?rest_route=\/wp\/v2\/product\/79","targetHints":{"allow":["GET"]}}],"collection":[{"href":"https:\/\/loja.qualalbatroz.pt\/index.php?rest_route=\/wp\/v2\/product"}],"about":[{"href":"https:\/\/loja.qualalbatroz.pt\/index.php?rest_route=\/wp\/v2\/types\/product"}],"replies":[{"embeddable":true,"href":"https:\/\/loja.qualalbatroz.pt\/index.php?rest_route=%2Fwp%2Fv2%2Fcomments&post=79"}],"wp:featuredmedia":[{"embeddable":true,"href":"https:\/\/loja.qualalbatroz.pt\/index.php?rest_route=\/wp\/v2\/media\/81"}],"wp:attachment":[{"href":"https:\/\/loja.qualalbatroz.pt\/index.php?rest_route=%2Fwp%2Fv2%2Fmedia&parent=79"}],"wp:term":[{"taxonomy":"product_brand","embeddable":true,"href":"https:\/\/loja.qualalbatroz.pt\/index.php?rest_route=%2Fwp%2Fv2%2Fproduct_brand&post=79"},{"taxonomy":"product_cat","embeddable":true,"href":"https:\/\/loja.qualalbatroz.pt\/index.php?rest_route=%2Fwp%2Fv2%2Fproduct_cat&post=79"},{"taxonomy":"product_tag","embeddable":true,"href":"https:\/\/loja.qualalbatroz.pt\/index.php?rest_route=%2Fwp%2Fv2%2Fproduct_tag&post=79"}],"curies":[{"name":"wp","href":"https:\/\/api.w.org\/{rel}","templated":true}]}}