{"id":91,"date":"2018-08-30T06:59:51","date_gmt":"2018-08-30T05:59:51","guid":{"rendered":"http:\/\/loja.qualalbatroz.pt\/?product=import-placeholder-for-131"},"modified":"2024-09-21T10:23:00","modified_gmt":"2024-09-21T09:23:00","slug":"the-sea","status":"publish","type":"product","link":"https:\/\/loja.qualalbatroz.pt\/?product=the-sea","title":{"rendered":"Postais Artesanais: \u00abThe Sea\u00bb (O Mar)"},"content":{"rendered":"<p>Para este conjunto \u00fanico de postais, Marc foi ao mar e trouxe-nos oito seres marinhos fant\u00e1sticos que transbordaram do seu imagin\u00e1rio. Depois de os desenhar, ele pr\u00f3prio os imprimiu cuidadosamente \u00e0 m\u00e3o em t\u00e9cnica serigr\u00e1fica na oficina da Qual Albatroz.<\/p>\n<p>De um universo pict\u00f3rico et\u00e9reo e delicado, emergem criaturas singulares, que, embora feitas de singelos pontos, linhas e manchas, se ancoram nas nossas emo\u00e7\u00f5es, protagonizando hist\u00f3rias do fundo do mar.<\/p>\n<p>Cada postal do conjunto est\u00e1 numerado e assinado pelo pr\u00f3prio autor. Esta \u00e9 uma edi\u00e7\u00e3o limitada de 30 exemplares.<\/p>\n","protected":false},"excerpt":{"rendered":"<p>Conjunto de oito postais inspirados na vida marinha, desenhados por Marc Parchow e impressos \u00e0 m\u00e3o em t\u00e9cnica serigr\u00e1fica pelo pr\u00f3prio autor na oficina da Qual Albatroz. Uma edi\u00e7\u00e3o limitada de 30 exemplares.<\/p>\n<p><strong>2.\u00aa edi\u00e7\u00e3o<\/strong><\/p>\n<p>PVP: 16,00 \u20ac<br \/>\nDesconto do editor: 10%<\/p>\n","protected":false},"featured_media":3833,"comment_status":"open","ping_status":"closed","template":"","meta":[],"product_brand":[],"product_cat":[70,40],"product_tag":[71,43,26,27,52],"class_list":{"0":"post-91","1":"product","2":"type-product","3":"status-publish","4":"has-post-thumbnail","6":"product_cat-postais","7":"product_cat-serigrafias","8":"product_tag-bichos","9":"product_tag-mar","10":"product_tag-maravilhoso","11":"product_tag-marc-parchow","12":"product_tag-natureza","14":"first","15":"instock","16":"taxable","17":"shipping-taxable","18":"purchasable","19":"product-type-simple"},"_links":{"self":[{"href":"https:\/\/loja.qualalbatroz.pt\/index.php?rest_route=\/wp\/v2\/product\/91","targetHints":{"allow":["GET"]}}],"collection":[{"href":"https:\/\/loja.qualalbatroz.pt\/index.php?rest_route=\/wp\/v2\/product"}],"about":[{"href":"https:\/\/loja.qualalbatroz.pt\/index.php?rest_route=\/wp\/v2\/types\/product"}],"replies":[{"embeddable":true,"href":"https:\/\/loja.qualalbatroz.pt\/index.php?rest_route=%2Fwp%2Fv2%2Fcomments&post=91"}],"wp:featuredmedia":[{"embeddable":true,"href":"https:\/\/loja.qualalbatroz.pt\/index.php?rest_route=\/wp\/v2\/media\/3833"}],"wp:attachment":[{"href":"https:\/\/loja.qualalbatroz.pt\/index.php?rest_route=%2Fwp%2Fv2%2Fmedia&parent=91"}],"wp:term":[{"taxonomy":"product_brand","embeddable":true,"href":"https:\/\/loja.qualalbatroz.pt\/index.php?rest_route=%2Fwp%2Fv2%2Fproduct_brand&post=91"},{"taxonomy":"product_cat","embeddable":true,"href":"https:\/\/loja.qualalbatroz.pt\/index.php?rest_route=%2Fwp%2Fv2%2Fproduct_cat&post=91"},{"taxonomy":"product_tag","embeddable":true,"href":"https:\/\/loja.qualalbatroz.pt\/index.php?rest_route=%2Fwp%2Fv2%2Fproduct_tag&post=91"}],"curies":[{"name":"wp","href":"https:\/\/api.w.org\/{rel}","templated":true}]}}