{"id":93,"date":"2009-10-10T06:59:51","date_gmt":"2009-10-10T05:59:51","guid":{"rendered":"http:\/\/loja.qualalbatroz.pt\/?product=import-placeholder-for-158"},"modified":"2025-04-15T08:44:55","modified_gmt":"2025-04-15T07:44:55","slug":"em-voz-baixa-en-voz-baja","status":"publish","type":"product","link":"https:\/\/loja.qualalbatroz.pt\/?product=em-voz-baixa-en-voz-baja","title":{"rendered":"Em Voz Baixa  |  En Voz Baja"},"content":{"rendered":"<p><i>Em Voz Baixa | En Voz Baja<\/i> \u00e9 um encontro de artes e de culturas. Num s\u00f3 objecto, combina-se a poesia, a tradu\u00e7\u00e3o, a serigrafia e o design, ao mesmo tempo que se abra\u00e7a um encontro cultural incomum entre Portugal, Espanha e Pol\u00f3nia.<\/p>\n<p>O livro junta 7 poemas do poeta espanhol Abel Murcia, a sua tradu\u00e7\u00e3o para portugu\u00eas e quatro serigrafias da autoria do artista polaco Marian Nowi\u0144ski. Os poemas do autor espanhol falam-nos em voz baixa e em segredo, numa linguagem familiar mas depurada, sobre o enamoramento, o erotismo e a intimidade. A tradu\u00e7\u00e3o, que \u00e9 uma forma de amar a l\u00edngua, surge neste projecto como uma voz aut\u00f3noma, capaz de criar por si s\u00f3 um outro livro, t\u00e3o aut\u00eantico como o original. Inspiradas nos sete poemas, encontramos quatro serigrafias originais realizadas especialmente para esta obra. Cada serigrafia foi intervencionada pela m\u00e3o do pr\u00f3prio artista com vinho do Porto Dona Ant\u00f3nia. Uma palavra ainda sobre o aspecto formal de <i>Em Voz Baixa<\/i>. O desafio \u00e0 leitura que a sua forma e design criam adv\u00e9m de um especial cuidado na sua montagem, que exigiu recorrer a trabalho artesanal. \u00c9 esse design engenhoso que permite a simetria e a circularidade entre l\u00ednguas e artes, bem como o di\u00e1logo intercultural presentes no livro.<\/p>\n<p><i>Em Voz Baixa | En Voz Baja<\/i> \u00e9 uma edi\u00e7\u00e3o limitada de 200 exemplares numerados e assinados.<\/p>\n<p><iframe loading=\"lazy\" width=\"1192\" height=\"671\" src=\"https:\/\/www.youtube.com\/embed\/XRW6Hl4QaFw\" frameborder=\"0\" allowfullscreen><\/iframe><\/p>\n","protected":false},"excerpt":{"rendered":"<p><i>Em Voz Baixa | En Voz Baja<\/i> \u00e9 um livro de artista que junta criadores de Portugal, Espanha e Pol\u00f3nia. Um design engenhoso e elegante permitiu reunir num s\u00f3 volume poesia, serigrafia e vinho do Porto. Cada exemplar cont\u00e9m quatro serigrafias originais intervencionadas manualmente pelo artista com vinho do Porto. <\/p>\n<p>PVP: 150,00 \u20ac<br \/>\nDesconto do editor: 10%<\/p>\n","protected":false},"featured_media":100,"comment_status":"open","ping_status":"closed","template":"","meta":[],"product_brand":[],"product_cat":[21,72,73,22],"product_tag":[74,42,25,75,76,77],"class_list":{"0":"post-93","1":"product","2":"type-product","3":"status-publish","4":"has-post-thumbnail","6":"product_cat-livros-da-qual-albatroz","7":"product_cat-livros-de-artista","8":"product_cat-livros-de-poesia","9":"product_cat-livros-feitos-a-mao","10":"product_tag-abel-murcia","11":"product_tag-amor","12":"product_tag-jose-carlos-dias","13":"product_tag-manuela-teixeira-pinto","14":"product_tag-marian-nowinski","15":"product_tag-rafal-bartkiewicz","17":"first","18":"instock","19":"taxable","20":"shipping-taxable","21":"purchasable","22":"product-type-simple"},"_links":{"self":[{"href":"https:\/\/loja.qualalbatroz.pt\/index.php?rest_route=\/wp\/v2\/product\/93","targetHints":{"allow":["GET"]}}],"collection":[{"href":"https:\/\/loja.qualalbatroz.pt\/index.php?rest_route=\/wp\/v2\/product"}],"about":[{"href":"https:\/\/loja.qualalbatroz.pt\/index.php?rest_route=\/wp\/v2\/types\/product"}],"replies":[{"embeddable":true,"href":"https:\/\/loja.qualalbatroz.pt\/index.php?rest_route=%2Fwp%2Fv2%2Fcomments&post=93"}],"wp:featuredmedia":[{"embeddable":true,"href":"https:\/\/loja.qualalbatroz.pt\/index.php?rest_route=\/wp\/v2\/media\/100"}],"wp:attachment":[{"href":"https:\/\/loja.qualalbatroz.pt\/index.php?rest_route=%2Fwp%2Fv2%2Fmedia&parent=93"}],"wp:term":[{"taxonomy":"product_brand","embeddable":true,"href":"https:\/\/loja.qualalbatroz.pt\/index.php?rest_route=%2Fwp%2Fv2%2Fproduct_brand&post=93"},{"taxonomy":"product_cat","embeddable":true,"href":"https:\/\/loja.qualalbatroz.pt\/index.php?rest_route=%2Fwp%2Fv2%2Fproduct_cat&post=93"},{"taxonomy":"product_tag","embeddable":true,"href":"https:\/\/loja.qualalbatroz.pt\/index.php?rest_route=%2Fwp%2Fv2%2Fproduct_tag&post=93"}],"curies":[{"name":"wp","href":"https:\/\/api.w.org\/{rel}","templated":true}]}}